{"id":60726,"date":"2024-03-06T12:08:48","date_gmt":"2024-03-06T11:08:48","guid":{"rendered":"https:\/\/www.archeoparc.it\/?page_id=60726"},"modified":"2025-11-03T16:01:17","modified_gmt":"2025-11-03T15:01:17","slug":"book-an-event","status":"publish","type":"page","link":"https:\/\/www.archeoparc.it\/en\/book-an-event\/","title":{"rendered":"Reserve an event"},"content":{"rendered":"\n<h3 class=\"wp-block-heading\">You would like to book an event?<\/h3>\n\n\n\n<p>Here you will find our current cultural programme. This is updated and expanded seasonally, so be sure to check back regularly.<br>No reservation is required to participate in the <a href=\"https:\/\/www.archeoparc.it\/en\/today\/\">daily programme<\/a>.<\/p>\n\n\n\n<div style=\"height:20px\" aria-hidden=\"true\" class=\"wp-block-spacer\"><\/div>\n\n\n\n<div class=\"wp-block-columns alignwide is-layout-flex wp-container-core-columns-is-layout-d2da2050 wp-block-columns-is-layout-flex\" style=\"margin-bottom:0\">\n<div class=\"wp-block-column has-text-color has-link-color wp-elements-f29ae9852f95dfb72557fe276505c821 is-layout-flow wp-block-column-is-layout-flow\" style=\"color:#000000;padding-top:0.5em;padding-right:1.5em;padding-bottom:0.5em;padding-left:1.5em\">\n<figure class=\"wp-block-image size-large\"><img loading=\"lazy\" decoding=\"async\" width=\"1200\" height=\"900\" src=\"https:\/\/www.archeoparc.it\/wp-content\/uploads\/archeoparc-schnalstal-24073-1200x900.jpg\" alt=\"Blick aus dem Freilichtbereich des archeoParc Schnalstal auf die Wallfahrtskirche Unser Frau<br\/&gt;Area all\u0092aperto dell\u0092archeoParc della val Senales<br\/&gt;Open-air area of archeoParc Val Senales<br\/&gt;<br\/&gt;December 2024\" class=\"wp-image-50693\" style=\"aspect-ratio:4\/3;object-fit:cover\" srcset=\"https:\/\/www.archeoparc.it\/wp-content\/uploads\/archeoparc-schnalstal-24073-1200x900.jpg 1200w, https:\/\/www.archeoparc.it\/wp-content\/uploads\/archeoparc-schnalstal-24073-300x225.jpg 300w, https:\/\/www.archeoparc.it\/wp-content\/uploads\/archeoparc-schnalstal-24073.jpg 1500w\" sizes=\"auto, (max-width: 1200px) 100vw, 1200px\" \/><\/figure>\n\n\n\n<h3 class=\"wp-block-heading is-style-default has-large-font-size\" id=\"single\" style=\"margin-top:var(--wp--preset--spacing--30)\">Winter programme<\/h3>\n\n\n\n<hr class=\"wp-block-separator has-text-color has-css-opacity has-background is-style-wide\" style=\"background-color:#000000;color:#000000\"\/>\n\n\n\n<p>Even if there are no opening days during the archeoParc winter break, you can still visit the archeoParc. All you need for this: Warm outdoor clothing and an appointment booking.<br> <br> <br><\/p>\n<\/div>\n\n\n\n<div class=\"wp-block-column has-text-color has-link-color wp-elements-1d4d07503a15dc811d44015c1062e57e is-layout-flow wp-block-column-is-layout-flow\" style=\"color:#000000;padding-top:0.5em;padding-right:1.5em;padding-bottom:0.5em;padding-left:1.5em\">\n<figure class=\"wp-block-image size-full\"><img loading=\"lazy\" decoding=\"async\" width=\"840\" height=\"662\" src=\"https:\/\/www.archeoparc.it\/wp-content\/uploads\/archeoparc-schnalstal-16357.jpg\" alt=\"\" class=\"wp-image-5975\" style=\"aspect-ratio:4\/3;object-fit:cover\" srcset=\"https:\/\/www.archeoparc.it\/wp-content\/uploads\/archeoparc-schnalstal-16357.jpg 840w, https:\/\/www.archeoparc.it\/wp-content\/uploads\/archeoparc-schnalstal-16357-300x236.jpg 300w, https:\/\/www.archeoparc.it\/wp-content\/uploads\/archeoparc-schnalstal-16357-676x533.jpg 676w\" sizes=\"auto, (max-width: 840px) 100vw, 840px\" \/><\/figure>\n\n\n\n<h3 class=\"wp-block-heading has-large-font-size\" id=\"patron\" style=\"margin-top:var(--wp--preset--spacing--30)\">\u00d6tzi Glacier Tour <\/h3>\n\n\n\n<hr class=\"wp-block-separator has-css-opacity is-style-wide\"\/>\n\n\n\n<p>The most significant glacier discovery in the world comes from our glacier: the wet mummy \u00d6tzi. The \u00d6tzi Glacier Tour takes you on foot or on skis from the end of the Schnalstal valley to where \u00d6tzi was found: the Giogo Tisa at 3,210 metres above sea level<br> <br><\/p>\n<\/div>\n\n\n\n<div class=\"wp-block-column has-text-color has-link-color wp-elements-15f2adcf2be9ea3aae3b4d055ab19aa5 is-layout-flow wp-block-column-is-layout-flow\" style=\"color:#000000;padding-top:0.5em;padding-right:1.5em;padding-bottom:0.5em;padding-left:1.5em\">\n<figure class=\"wp-block-image size-large\"><img loading=\"lazy\" decoding=\"async\" width=\"1024\" height=\"768\" src=\"https:\/\/www.archeoparc.it\/wp-content\/uploads\/archeoparc-schnalstal-22033-1024x768.jpg\" alt=\"Waschstra\u00dfe bei der Ferienbetreuung im archeoParc<br\/&gt;Piccoli lavapiatti all\u0092lavoro <br\/&gt;Washing up at the archeoParc<br\/&gt;<br\/&gt;Kindersommer Schnals<br\/&gt;July 2022\" class=\"wp-image-36982\" style=\"aspect-ratio:4\/3;object-fit:cover\" srcset=\"https:\/\/www.archeoparc.it\/wp-content\/uploads\/archeoparc-schnalstal-22033-1024x768.jpg 1024w, https:\/\/www.archeoparc.it\/wp-content\/uploads\/archeoparc-schnalstal-22033-300x225.jpg 300w, https:\/\/www.archeoparc.it\/wp-content\/uploads\/archeoparc-schnalstal-22033-1536x1152.jpg 1536w, https:\/\/www.archeoparc.it\/wp-content\/uploads\/archeoparc-schnalstal-22033-676x507.jpg 676w, https:\/\/www.archeoparc.it\/wp-content\/uploads\/archeoparc-schnalstal-22033.jpg 1600w\" sizes=\"auto, (max-width: 1024px) 100vw, 1024px\" \/><\/figure>\n\n\n\n<h3 class=\"wp-block-heading\" style=\"margin-top:var(--wp--preset--spacing--30)\">Group bookings<\/h3>\n\n\n\n<hr class=\"wp-block-separator has-css-opacity is-style-wide\"\/>\n\n\n\n<p>In the case of a group reservation, we ask you to specify the <a href=\"https:\/\/www.archeoparc.it\/en\/groups\/\">chosen programme<\/a>, the number of participants, the preferred date, and the beginning time. We recommend booking early (at least two weeks before your starting date)<\/p>\n<\/div>\n<\/div>\n\n\n\n<div class=\"wp-block-columns alignwide is-layout-flex wp-container-core-columns-is-layout-6d720733 wp-block-columns-is-layout-flex\" style=\"margin-top:0;margin-bottom:0;padding-top:0em;padding-bottom:0em\">\n<div class=\"wp-block-column has-text-color has-link-color wp-elements-90249578567b8f6fa87cc89a073a0d1c is-layout-flow wp-block-column-is-layout-flow\" style=\"color:#000000;padding-top:1em;padding-right:1.5em;padding-bottom:1em;padding-left:1.5em\">\n<div class=\"wp-block-buttons alignfull is-horizontal is-content-justification-center is-layout-flex wp-container-core-buttons-is-layout-03627597 wp-block-buttons-is-layout-flex\">\n<div class=\"wp-block-button has-custom-width wp-block-button__width-100\"><a class=\"wp-block-button__link has-white-color has-contrast-background-color has-text-color has-background no-border-radius wp-element-button\" href=\"https:\/\/www.archeoparc.it\/en\/2024\/visit-the-archeoparc-in-winter\/\">FIND OUT MORE<\/a><\/div>\n<\/div>\n<\/div>\n\n\n\n<div class=\"wp-block-column has-text-color has-link-color wp-elements-f8c72b0c0625c508749b002eb4ab8f7f is-layout-flow wp-block-column-is-layout-flow\" style=\"color:#000000;padding-top:1em;padding-right:1.5em;padding-bottom:1em;padding-left:1.5em\">\n<div class=\"wp-block-buttons alignfull is-horizontal is-content-justification-center is-layout-flex wp-container-core-buttons-is-layout-03627597 wp-block-buttons-is-layout-flex\">\n<div class=\"wp-block-button has-custom-width wp-block-button__width-100\"><a class=\"wp-block-button__link has-white-color has-text-color has-background no-border-radius wp-element-button\" href=\"https:\/\/www.archeoparc.it\/en\/oetzi-glacier-tour\/application\/\" style=\"background-color:#000000\" target=\"_blank\" rel=\"noreferrer noopener\">BOOK ONLINE NOW<\/a><\/div>\n<\/div>\n<\/div>\n\n\n\n<div class=\"wp-block-column has-text-color has-link-color wp-elements-725132f990449eeb38b2f05a88fce3d9 is-layout-flow wp-block-column-is-layout-flow\" style=\"color:#000000;padding-top:1em;padding-right:1.5em;padding-bottom:1em;padding-left:1.5em\">\n<div class=\"wp-block-buttons alignfull is-horizontal is-content-justification-center is-layout-flex wp-container-core-buttons-is-layout-03627597 wp-block-buttons-is-layout-flex\">\n<div class=\"wp-block-button has-custom-width wp-block-button__width-100 is-style-fill\"><a class=\"wp-block-button__link has-white-color has-text-color has-background no-border-radius wp-element-button\" href=\"mailto:info@archeoparc.it\" style=\"background-color:#000000\">BOOK NOW<\/a><\/div>\n<\/div>\n<\/div>\n<\/div>\n\n\n\n<p><\/p>\n","protected":false},"excerpt":{"rendered":"<p>You would like to book an event? Here you will find our current cultural programme. This is updated and expanded seasonally, so be sure to check back regularly.No reservation is [&hellip;]<\/p>\n","protected":false},"author":6,"featured_media":0,"parent":0,"menu_order":0,"comment_status":"closed","ping_status":"closed","template":"","meta":{"_acf_changed":false,"_tec_requires_first_save":true,"_EventAllDay":false,"_EventTimezone":"","_EventStartDate":"","_EventEndDate":"","_EventStartDateUTC":"","_EventEndDateUTC":"","_EventShowMap":false,"_EventShowMapLink":false,"_EventURL":"","_EventCost":"","_EventCostDescription":"","_EventCurrencySymbol":"","_EventCurrencyCode":"","_EventCurrencyPosition":"","_EventDateTimeSeparator":"","_EventTimeRangeSeparator":"","_EventOrganizerID":[],"_EventVenueID":[],"_OrganizerEmail":"","_OrganizerPhone":"","_OrganizerWebsite":"","_VenueAddress":"","_VenueCity":"","_VenueCountry":"","_VenueProvince":"","_VenueState":"","_VenueZip":"","_VenuePhone":"","_VenueURL":"","_VenueStateProvince":"","_VenueLat":"","_VenueLng":"","_VenueShowMap":false,"_VenueShowMapLink":false,"_tribe_blocks_recurrence_rules":"","_tribe_blocks_recurrence_description":"","_tribe_blocks_recurrence_exclusions":"","footnotes":""},"tags":[],"class_list":["post-60726","page","type-page","status-publish","hentry"],"acf":[],"yoast_head":"<!-- This site is optimized with the Yoast SEO plugin v27.5 - https:\/\/yoast.com\/product\/yoast-seo-wordpress\/ -->\n<title>Reserve an event | archeoParc Schnalstal<\/title>\n<meta name=\"robots\" content=\"index, follow, max-snippet:-1, max-image-preview:large, max-video-preview:-1\" \/>\n<link rel=\"canonical\" href=\"https:\/\/www.archeoparc.it\/en\/book-an-event\/\" \/>\n<meta name=\"twitter:label1\" content=\"Est. reading time\" \/>\n\t<meta name=\"twitter:data1\" content=\"2 minutes\" \/>\n<script type=\"application\/ld+json\" class=\"yoast-schema-graph\">{\"@context\":\"https:\\\/\\\/schema.org\",\"@graph\":[{\"@type\":\"WebPage\",\"@id\":\"https:\\\/\\\/www.archeoparc.it\\\/en\\\/book-an-event\\\/\",\"url\":\"https:\\\/\\\/www.archeoparc.it\\\/en\\\/book-an-event\\\/\",\"name\":\"Reserve an event | archeoParc Schnalstal\",\"isPartOf\":{\"@id\":\"https:\\\/\\\/www.archeoparc.it\\\/#website\"},\"primaryImageOfPage\":{\"@id\":\"https:\\\/\\\/www.archeoparc.it\\\/en\\\/book-an-event\\\/#primaryimage\"},\"image\":{\"@id\":\"https:\\\/\\\/www.archeoparc.it\\\/en\\\/book-an-event\\\/#primaryimage\"},\"thumbnailUrl\":\"https:\\\/\\\/www.archeoparc.it\\\/wp-content\\\/uploads\\\/archeoparc-schnalstal-24073-1200x900.jpg\",\"datePublished\":\"2024-03-06T11:08:48+00:00\",\"dateModified\":\"2025-11-03T15:01:17+00:00\",\"inLanguage\":\"en-US\",\"potentialAction\":[{\"@type\":\"ReadAction\",\"target\":[\"https:\\\/\\\/www.archeoparc.it\\\/en\\\/book-an-event\\\/\"]}]},{\"@type\":\"ImageObject\",\"inLanguage\":\"en-US\",\"@id\":\"https:\\\/\\\/www.archeoparc.it\\\/en\\\/book-an-event\\\/#primaryimage\",\"url\":\"https:\\\/\\\/www.archeoparc.it\\\/wp-content\\\/uploads\\\/archeoparc-schnalstal-24073-1200x900.jpg\",\"contentUrl\":\"https:\\\/\\\/www.archeoparc.it\\\/wp-content\\\/uploads\\\/archeoparc-schnalstal-24073-1200x900.jpg\"},{\"@type\":\"WebSite\",\"@id\":\"https:\\\/\\\/www.archeoparc.it\\\/#website\",\"url\":\"https:\\\/\\\/www.archeoparc.it\\\/\",\"name\":\"archeoParc Schnalstal\",\"description\":\"Arch\u00e4ologisches Freilichtmuseum\",\"publisher\":{\"@id\":\"https:\\\/\\\/www.archeoparc.it\\\/#organization\"},\"potentialAction\":[{\"@type\":\"SearchAction\",\"target\":{\"@type\":\"EntryPoint\",\"urlTemplate\":\"https:\\\/\\\/www.archeoparc.it\\\/?s={search_term_string}\"},\"query-input\":{\"@type\":\"PropertyValueSpecification\",\"valueRequired\":true,\"valueName\":\"search_term_string\"}}],\"inLanguage\":\"en-US\"},{\"@type\":\"Organization\",\"@id\":\"https:\\\/\\\/www.archeoparc.it\\\/#organization\",\"name\":\"archeoparc Schnalstal\",\"url\":\"https:\\\/\\\/www.archeoparc.it\\\/\",\"logo\":{\"@type\":\"ImageObject\",\"inLanguage\":\"en-US\",\"@id\":\"https:\\\/\\\/www.archeoparc.it\\\/#\\\/schema\\\/logo\\\/image\\\/\",\"url\":\"https:\\\/\\\/www.archeoparc.it\\\/wp-content\\\/uploads\\\/cropped-archeoparc_logo_sw.png\",\"contentUrl\":\"https:\\\/\\\/www.archeoparc.it\\\/wp-content\\\/uploads\\\/cropped-archeoparc_logo_sw.png\",\"width\":654,\"height\":211,\"caption\":\"archeoparc Schnalstal\"},\"image\":{\"@id\":\"https:\\\/\\\/www.archeoparc.it\\\/#\\\/schema\\\/logo\\\/image\\\/\"}}]}<\/script>\n<!-- \/ Yoast SEO plugin. -->","yoast_head_json":{"title":"Reserve an event | archeoParc Schnalstal","robots":{"index":"index","follow":"follow","max-snippet":"max-snippet:-1","max-image-preview":"max-image-preview:large","max-video-preview":"max-video-preview:-1"},"canonical":"https:\/\/www.archeoparc.it\/en\/book-an-event\/","twitter_misc":{"Est. reading time":"2 minutes"},"schema":{"@context":"https:\/\/schema.org","@graph":[{"@type":"WebPage","@id":"https:\/\/www.archeoparc.it\/en\/book-an-event\/","url":"https:\/\/www.archeoparc.it\/en\/book-an-event\/","name":"Reserve an event | archeoParc Schnalstal","isPartOf":{"@id":"https:\/\/www.archeoparc.it\/#website"},"primaryImageOfPage":{"@id":"https:\/\/www.archeoparc.it\/en\/book-an-event\/#primaryimage"},"image":{"@id":"https:\/\/www.archeoparc.it\/en\/book-an-event\/#primaryimage"},"thumbnailUrl":"https:\/\/www.archeoparc.it\/wp-content\/uploads\/archeoparc-schnalstal-24073-1200x900.jpg","datePublished":"2024-03-06T11:08:48+00:00","dateModified":"2025-11-03T15:01:17+00:00","inLanguage":"en-US","potentialAction":[{"@type":"ReadAction","target":["https:\/\/www.archeoparc.it\/en\/book-an-event\/"]}]},{"@type":"ImageObject","inLanguage":"en-US","@id":"https:\/\/www.archeoparc.it\/en\/book-an-event\/#primaryimage","url":"https:\/\/www.archeoparc.it\/wp-content\/uploads\/archeoparc-schnalstal-24073-1200x900.jpg","contentUrl":"https:\/\/www.archeoparc.it\/wp-content\/uploads\/archeoparc-schnalstal-24073-1200x900.jpg"},{"@type":"WebSite","@id":"https:\/\/www.archeoparc.it\/#website","url":"https:\/\/www.archeoparc.it\/","name":"archeoParc Schnalstal","description":"Arch\u00e4ologisches Freilichtmuseum","publisher":{"@id":"https:\/\/www.archeoparc.it\/#organization"},"potentialAction":[{"@type":"SearchAction","target":{"@type":"EntryPoint","urlTemplate":"https:\/\/www.archeoparc.it\/?s={search_term_string}"},"query-input":{"@type":"PropertyValueSpecification","valueRequired":true,"valueName":"search_term_string"}}],"inLanguage":"en-US"},{"@type":"Organization","@id":"https:\/\/www.archeoparc.it\/#organization","name":"archeoparc Schnalstal","url":"https:\/\/www.archeoparc.it\/","logo":{"@type":"ImageObject","inLanguage":"en-US","@id":"https:\/\/www.archeoparc.it\/#\/schema\/logo\/image\/","url":"https:\/\/www.archeoparc.it\/wp-content\/uploads\/cropped-archeoparc_logo_sw.png","contentUrl":"https:\/\/www.archeoparc.it\/wp-content\/uploads\/cropped-archeoparc_logo_sw.png","width":654,"height":211,"caption":"archeoparc Schnalstal"},"image":{"@id":"https:\/\/www.archeoparc.it\/#\/schema\/logo\/image\/"}}]}},"_links":{"self":[{"href":"https:\/\/www.archeoparc.it\/en\/wp-json\/wp\/v2\/pages\/60726","targetHints":{"allow":["GET"]}}],"collection":[{"href":"https:\/\/www.archeoparc.it\/en\/wp-json\/wp\/v2\/pages"}],"about":[{"href":"https:\/\/www.archeoparc.it\/en\/wp-json\/wp\/v2\/types\/page"}],"author":[{"embeddable":true,"href":"https:\/\/www.archeoparc.it\/en\/wp-json\/wp\/v2\/users\/6"}],"replies":[{"embeddable":true,"href":"https:\/\/www.archeoparc.it\/en\/wp-json\/wp\/v2\/comments?post=60726"}],"version-history":[{"count":14,"href":"https:\/\/www.archeoparc.it\/en\/wp-json\/wp\/v2\/pages\/60726\/revisions"}],"predecessor-version":[{"id":62522,"href":"https:\/\/www.archeoparc.it\/en\/wp-json\/wp\/v2\/pages\/60726\/revisions\/62522"}],"wp:attachment":[{"href":"https:\/\/www.archeoparc.it\/en\/wp-json\/wp\/v2\/media?parent=60726"}],"wp:term":[{"taxonomy":"post_tag","embeddable":true,"href":"https:\/\/www.archeoparc.it\/en\/wp-json\/wp\/v2\/tags?post=60726"}],"curies":[{"name":"wp","href":"https:\/\/api.w.org\/{rel}","templated":true}]}}