{"id":60724,"date":"2024-03-06T12:08:48","date_gmt":"2024-03-06T11:08:48","guid":{"rendered":"https:\/\/www.archeoparc.it\/?page_id=60724"},"modified":"2025-11-27T10:54:13","modified_gmt":"2025-11-27T09:54:13","slug":"prenotare-un-evento","status":"publish","type":"page","link":"https:\/\/www.archeoparc.it\/it\/prenotare-un-evento\/","title":{"rendered":"Prenotare un evento"},"content":{"rendered":"\n<h3 class=\"wp-block-heading\">Interessati a prenotare un evento?<\/h3>\n\n\n\n<p>In seguito trovate il nostro programma culturale attuale. Viene aggiornato stagionalmente, perci\u00f2 vi invitiamo di tornare su questo sito. <strong>Per partecipare al <a href=\"https:\/\/www.archeoparc.it\/it\/oggi\/\">programma giornaliero<\/a> non \u00e8 necessaria alcuna prenotazione.<\/strong><\/p>\n\n\n\n<div style=\"height:20px\" aria-hidden=\"true\" class=\"wp-block-spacer\"><\/div>\n\n\n\n<div class=\"wp-block-columns alignwide is-layout-flex wp-container-core-columns-is-layout-d2da2050 wp-block-columns-is-layout-flex\" style=\"margin-bottom:0\">\n<div class=\"wp-block-column has-text-color has-link-color wp-elements-b4761a141032e0504a5a6b1bf750ff97 is-layout-flow wp-block-column-is-layout-flow\" style=\"color:#000000;padding-top:0.5em;padding-right:1.5em;padding-bottom:0.5em;padding-left:1.5em\">\n<figure class=\"wp-block-image size-large\"><img loading=\"lazy\" decoding=\"async\" width=\"1200\" height=\"900\" src=\"https:\/\/www.archeoparc.it\/wp-content\/uploads\/archeoparc-schnalstal-24073-1200x900.jpg\" alt=\"Blick aus dem Freilichtbereich des archeoParc Schnalstal auf die Wallfahrtskirche Unser Frau<br\/&gt;Area all\u0092aperto dell\u0092archeoParc della val Senales<br\/&gt;Open-air area of archeoParc Val Senales<br\/&gt;<br\/&gt;December 2024\" class=\"wp-image-50693\" style=\"aspect-ratio:4\/3;object-fit:cover\" srcset=\"https:\/\/www.archeoparc.it\/wp-content\/uploads\/archeoparc-schnalstal-24073-1200x900.jpg 1200w, https:\/\/www.archeoparc.it\/wp-content\/uploads\/archeoparc-schnalstal-24073-300x225.jpg 300w, https:\/\/www.archeoparc.it\/wp-content\/uploads\/archeoparc-schnalstal-24073.jpg 1500w\" sizes=\"auto, (max-width: 1200px) 100vw, 1200px\" \/><\/figure>\n\n\n\n<h3 class=\"wp-block-heading has-large-font-size\" id=\"single\" style=\"margin-top:var(--wp--preset--spacing--30)\">Offerte invernali<\/h3>\n\n\n\n<hr class=\"wp-block-separator has-text-color has-css-opacity has-background is-style-wide\" style=\"background-color:#000000;color:#000000\"\/>\n\n\n\n<p>Anche se durante la pausa invernale non ci sono giorni di apertura, \u00e8 comunque possibile visitare l\u2019archeoParc. Tutto ci\u00f2 di cui avete bisogno: abbigliamento outdoor e una prenotazione d\u2019appuntamento.<br> <br> <br><\/p>\n<\/div>\n\n\n\n<div class=\"wp-block-column has-text-color has-link-color wp-elements-83321249e6f8d3a6b0b8e9cd0de5f613 is-layout-flow wp-block-column-is-layout-flow\" style=\"color:#000000;padding-top:0.5em;padding-right:1.5em;padding-bottom:0.5em;padding-left:1.5em\">\n<figure class=\"wp-block-image size-full\"><img loading=\"lazy\" decoding=\"async\" width=\"840\" height=\"662\" src=\"https:\/\/www.archeoparc.it\/wp-content\/uploads\/archeoparc-schnalstal-16357.jpg\" alt=\"\" class=\"wp-image-5975\" style=\"aspect-ratio:4\/3;object-fit:cover\" srcset=\"https:\/\/www.archeoparc.it\/wp-content\/uploads\/archeoparc-schnalstal-16357.jpg 840w, https:\/\/www.archeoparc.it\/wp-content\/uploads\/archeoparc-schnalstal-16357-300x236.jpg 300w, https:\/\/www.archeoparc.it\/wp-content\/uploads\/archeoparc-schnalstal-16357-676x533.jpg 676w\" sizes=\"auto, (max-width: 840px) 100vw, 840px\" \/><\/figure>\n\n\n\n<h3 class=\"wp-block-heading\" style=\"margin-top:var(--wp--preset--spacing--30)\">\u00d6tzi Glacier Tour <\/h3>\n\n\n\n<hr class=\"wp-block-separator has-css-opacity is-style-wide\"\/>\n\n\n\n<p>Il ritrovamento pi\u00f9 importante al mondo proviene proprio dal nostro ghiacciaio: la mummia \u00d6tzi. L&#8217;\u00d6tzi Glacier Tour vi porta a piedi o con gli sci dalla fine della Val Senales fino al luogo in cui \u00e8 stato ritrovato \u00d6tzi: il <a href=\"https:\/\/www.archeoparc.it\/it\/archeologia-val-senales\/sito-ritrovamento-oetzi\/\">Giogo Tisa<\/a> a 3.210 m s.l.m.<\/p>\n<\/div>\n\n\n\n<div class=\"wp-block-column has-text-color has-link-color wp-elements-193edd7a362211826fa7d0e5a6d5abbd is-layout-flow wp-block-column-is-layout-flow\" style=\"color:#000000;padding-top:0.5em;padding-right:1.5em;padding-bottom:0.5em;padding-left:1.5em\">\n<figure class=\"wp-block-image size-large\"><img loading=\"lazy\" decoding=\"async\" width=\"1024\" height=\"768\" src=\"https:\/\/www.archeoparc.it\/wp-content\/uploads\/archeoparc-schnalstal-22033-1024x768.jpg\" alt=\"Waschstra\u00dfe bei der Ferienbetreuung im archeoParc<br\/&gt;Piccoli lavapiatti all\u0092lavoro <br\/&gt;Washing up at the archeoParc<br\/&gt;<br\/&gt;Kindersommer Schnals<br\/&gt;July 2022\" class=\"wp-image-36982\" style=\"aspect-ratio:4\/3;object-fit:cover\" srcset=\"https:\/\/www.archeoparc.it\/wp-content\/uploads\/archeoparc-schnalstal-22033-1024x768.jpg 1024w, https:\/\/www.archeoparc.it\/wp-content\/uploads\/archeoparc-schnalstal-22033-300x225.jpg 300w, https:\/\/www.archeoparc.it\/wp-content\/uploads\/archeoparc-schnalstal-22033-1536x1152.jpg 1536w, https:\/\/www.archeoparc.it\/wp-content\/uploads\/archeoparc-schnalstal-22033-676x507.jpg 676w, https:\/\/www.archeoparc.it\/wp-content\/uploads\/archeoparc-schnalstal-22033.jpg 1600w\" sizes=\"auto, (max-width: 1024px) 100vw, 1024px\" \/><\/figure>\n\n\n\n<h3 class=\"wp-block-heading has-large-font-size\" id=\"patron\" style=\"margin-top:var(--wp--preset--spacing--30)\">Gruppi<\/h3>\n\n\n\n<hr class=\"wp-block-separator has-css-opacity is-style-wide\"\/>\n\n\n\n<p>Si prega di specificare nella richiesta di prenotazione il <a href=\"https:\/\/www.archeoparc.it\/it\/gruppi\/\">programma scelto<\/a>, il numero di partecipanti, la data desiderata e l&#8217;orario di inizio. Si consiglia di prenotare con largo anticipo (almeno due settimane prima della data desiderata).<br><\/p>\n<\/div>\n<\/div>\n\n\n\n<div class=\"wp-block-columns alignwide is-layout-flex wp-container-core-columns-is-layout-3e250f30 wp-block-columns-is-layout-flex\" style=\"margin-top:0;margin-bottom:0\">\n<div class=\"wp-block-column has-text-color has-link-color wp-elements-f87df942acce9931fbbee51da20b8e79 is-layout-flow wp-block-column-is-layout-flow\" style=\"color:#000000;padding-top:2em;padding-right:1.5em;padding-bottom:2em;padding-left:1.5em\">\n<div class=\"wp-block-buttons alignfull is-horizontal is-content-justification-center is-layout-flex wp-container-core-buttons-is-layout-d072e305 wp-block-buttons-is-layout-flex\">\n<div class=\"wp-block-button has-custom-width wp-block-button__width-100 is-style-fill\"><a class=\"wp-block-button__link has-white-color has-text-color has-background no-border-radius wp-element-button\" href=\"https:\/\/www.archeoparc.it\/it\/2024\/visita-pausa-invernale-2024-2025\/\" style=\"background-color:#000000\">INFORMAZIONI<\/a><\/div>\n<\/div>\n<\/div>\n\n\n\n<div class=\"wp-block-column has-text-color has-link-color wp-elements-33bac50711fc8f00636e3f9436b04117 is-layout-flow wp-block-column-is-layout-flow\" style=\"color:#000000;padding-top:2em;padding-right:1.5em;padding-bottom:2em;padding-left:1.5em\">\n<div class=\"wp-block-buttons alignfull is-horizontal is-content-justification-center is-layout-flex wp-container-core-buttons-is-layout-d072e305 wp-block-buttons-is-layout-flex\">\n<div class=\"wp-block-button has-custom-width wp-block-button__width-100 is-style-fill\"><a class=\"wp-block-button__link has-white-color has-text-color has-background no-border-radius wp-element-button\" href=\"https:\/\/www.archeoparc.it\/it\/oetzi-glacier-tour\/iscrizione\/\" style=\"background-color:#000000\" target=\"_blank\" rel=\"noreferrer noopener\">PRENOTA ONLINE ORA<\/a><\/div>\n<\/div>\n<\/div>\n\n\n\n<div class=\"wp-block-column has-text-color has-link-color wp-elements-d92160b11bb281e4a2cea5417a2b79bb is-layout-flow wp-block-column-is-layout-flow\" style=\"color:#000000;padding-top:2em;padding-right:1.5em;padding-bottom:2em;padding-left:1.5em\">\n<div class=\"wp-block-buttons alignfull is-horizontal is-content-justification-center is-layout-flex wp-container-core-buttons-is-layout-03627597 wp-block-buttons-is-layout-flex\">\n<div class=\"wp-block-button has-custom-width wp-block-button__width-100\"><a class=\"wp-block-button__link has-white-color has-text-color has-background no-border-radius wp-element-button\" href=\"mailto:info@archeoparc.it\" style=\"background-color:#000000\">PRENOTA ORA<\/a><\/div>\n<\/div>\n<\/div>\n<\/div>\n","protected":false},"excerpt":{"rendered":"<p>Interessati a prenotare un evento? In seguito trovate il nostro programma culturale attuale. Viene aggiornato stagionalmente, perci\u00f2 vi invitiamo di tornare su questo sito. Per partecipare al programma giornaliero non [&hellip;]<\/p>\n","protected":false},"author":6,"featured_media":0,"parent":0,"menu_order":0,"comment_status":"closed","ping_status":"closed","template":"","meta":{"_acf_changed":false,"_tec_requires_first_save":true,"_EventAllDay":false,"_EventTimezone":"","_EventStartDate":"","_EventEndDate":"","_EventStartDateUTC":"","_EventEndDateUTC":"","_EventShowMap":false,"_EventShowMapLink":false,"_EventURL":"","_EventCost":"","_EventCostDescription":"","_EventCurrencySymbol":"","_EventCurrencyCode":"","_EventCurrencyPosition":"","_EventDateTimeSeparator":"","_EventTimeRangeSeparator":"","_EventOrganizerID":[],"_EventVenueID":[],"_OrganizerEmail":"","_OrganizerPhone":"","_OrganizerWebsite":"","_VenueAddress":"","_VenueCity":"","_VenueCountry":"","_VenueProvince":"","_VenueState":"","_VenueZip":"","_VenuePhone":"","_VenueURL":"","_VenueStateProvince":"","_VenueLat":"","_VenueLng":"","_VenueShowMap":false,"_VenueShowMapLink":false,"_tribe_blocks_recurrence_rules":"","_tribe_blocks_recurrence_description":"","_tribe_blocks_recurrence_exclusions":"","footnotes":""},"tags":[],"class_list":["post-60724","page","type-page","status-publish","hentry"],"acf":[],"yoast_head":"<!-- This site is optimized with the Yoast SEO plugin v27.5 - https:\/\/yoast.com\/product\/yoast-seo-wordpress\/ -->\n<title>Prenotare un evento | archeoParc Schnalstal<\/title>\n<meta name=\"robots\" content=\"index, follow, max-snippet:-1, max-image-preview:large, max-video-preview:-1\" \/>\n<link rel=\"canonical\" href=\"https:\/\/www.archeoparc.it\/it\/prenotare-un-evento\/\" \/>\n<meta name=\"twitter:label1\" content=\"Tempo di lettura stimato\" \/>\n\t<meta name=\"twitter:data1\" content=\"2 minuti\" \/>\n<script type=\"application\/ld+json\" class=\"yoast-schema-graph\">{\"@context\":\"https:\\\/\\\/schema.org\",\"@graph\":[{\"@type\":\"WebPage\",\"@id\":\"https:\\\/\\\/www.archeoparc.it\\\/it\\\/prenotare-un-evento\\\/\",\"url\":\"https:\\\/\\\/www.archeoparc.it\\\/it\\\/prenotare-un-evento\\\/\",\"name\":\"Prenotare un evento | archeoParc Schnalstal\",\"isPartOf\":{\"@id\":\"https:\\\/\\\/www.archeoparc.it\\\/#website\"},\"primaryImageOfPage\":{\"@id\":\"https:\\\/\\\/www.archeoparc.it\\\/it\\\/prenotare-un-evento\\\/#primaryimage\"},\"image\":{\"@id\":\"https:\\\/\\\/www.archeoparc.it\\\/it\\\/prenotare-un-evento\\\/#primaryimage\"},\"thumbnailUrl\":\"https:\\\/\\\/www.archeoparc.it\\\/wp-content\\\/uploads\\\/archeoparc-schnalstal-24073-1200x900.jpg\",\"datePublished\":\"2024-03-06T11:08:48+00:00\",\"dateModified\":\"2025-11-27T09:54:13+00:00\",\"inLanguage\":\"it-IT\",\"potentialAction\":[{\"@type\":\"ReadAction\",\"target\":[\"https:\\\/\\\/www.archeoparc.it\\\/it\\\/prenotare-un-evento\\\/\"]}]},{\"@type\":\"ImageObject\",\"inLanguage\":\"it-IT\",\"@id\":\"https:\\\/\\\/www.archeoparc.it\\\/it\\\/prenotare-un-evento\\\/#primaryimage\",\"url\":\"https:\\\/\\\/www.archeoparc.it\\\/wp-content\\\/uploads\\\/archeoparc-schnalstal-24073-1200x900.jpg\",\"contentUrl\":\"https:\\\/\\\/www.archeoparc.it\\\/wp-content\\\/uploads\\\/archeoparc-schnalstal-24073-1200x900.jpg\"},{\"@type\":\"WebSite\",\"@id\":\"https:\\\/\\\/www.archeoparc.it\\\/#website\",\"url\":\"https:\\\/\\\/www.archeoparc.it\\\/\",\"name\":\"archeoParc Schnalstal\",\"description\":\"Arch\u00e4ologisches Freilichtmuseum\",\"publisher\":{\"@id\":\"https:\\\/\\\/www.archeoparc.it\\\/#organization\"},\"potentialAction\":[{\"@type\":\"SearchAction\",\"target\":{\"@type\":\"EntryPoint\",\"urlTemplate\":\"https:\\\/\\\/www.archeoparc.it\\\/?s={search_term_string}\"},\"query-input\":{\"@type\":\"PropertyValueSpecification\",\"valueRequired\":true,\"valueName\":\"search_term_string\"}}],\"inLanguage\":\"it-IT\"},{\"@type\":\"Organization\",\"@id\":\"https:\\\/\\\/www.archeoparc.it\\\/#organization\",\"name\":\"archeoparc Schnalstal\",\"url\":\"https:\\\/\\\/www.archeoparc.it\\\/\",\"logo\":{\"@type\":\"ImageObject\",\"inLanguage\":\"it-IT\",\"@id\":\"https:\\\/\\\/www.archeoparc.it\\\/#\\\/schema\\\/logo\\\/image\\\/\",\"url\":\"https:\\\/\\\/www.archeoparc.it\\\/wp-content\\\/uploads\\\/cropped-archeoparc_logo_sw.png\",\"contentUrl\":\"https:\\\/\\\/www.archeoparc.it\\\/wp-content\\\/uploads\\\/cropped-archeoparc_logo_sw.png\",\"width\":654,\"height\":211,\"caption\":\"archeoparc Schnalstal\"},\"image\":{\"@id\":\"https:\\\/\\\/www.archeoparc.it\\\/#\\\/schema\\\/logo\\\/image\\\/\"}}]}<\/script>\n<!-- \/ Yoast SEO plugin. -->","yoast_head_json":{"title":"Prenotare un evento | archeoParc Schnalstal","robots":{"index":"index","follow":"follow","max-snippet":"max-snippet:-1","max-image-preview":"max-image-preview:large","max-video-preview":"max-video-preview:-1"},"canonical":"https:\/\/www.archeoparc.it\/it\/prenotare-un-evento\/","twitter_misc":{"Tempo di lettura stimato":"2 minuti"},"schema":{"@context":"https:\/\/schema.org","@graph":[{"@type":"WebPage","@id":"https:\/\/www.archeoparc.it\/it\/prenotare-un-evento\/","url":"https:\/\/www.archeoparc.it\/it\/prenotare-un-evento\/","name":"Prenotare un evento | archeoParc Schnalstal","isPartOf":{"@id":"https:\/\/www.archeoparc.it\/#website"},"primaryImageOfPage":{"@id":"https:\/\/www.archeoparc.it\/it\/prenotare-un-evento\/#primaryimage"},"image":{"@id":"https:\/\/www.archeoparc.it\/it\/prenotare-un-evento\/#primaryimage"},"thumbnailUrl":"https:\/\/www.archeoparc.it\/wp-content\/uploads\/archeoparc-schnalstal-24073-1200x900.jpg","datePublished":"2024-03-06T11:08:48+00:00","dateModified":"2025-11-27T09:54:13+00:00","inLanguage":"it-IT","potentialAction":[{"@type":"ReadAction","target":["https:\/\/www.archeoparc.it\/it\/prenotare-un-evento\/"]}]},{"@type":"ImageObject","inLanguage":"it-IT","@id":"https:\/\/www.archeoparc.it\/it\/prenotare-un-evento\/#primaryimage","url":"https:\/\/www.archeoparc.it\/wp-content\/uploads\/archeoparc-schnalstal-24073-1200x900.jpg","contentUrl":"https:\/\/www.archeoparc.it\/wp-content\/uploads\/archeoparc-schnalstal-24073-1200x900.jpg"},{"@type":"WebSite","@id":"https:\/\/www.archeoparc.it\/#website","url":"https:\/\/www.archeoparc.it\/","name":"archeoParc Schnalstal","description":"Arch\u00e4ologisches Freilichtmuseum","publisher":{"@id":"https:\/\/www.archeoparc.it\/#organization"},"potentialAction":[{"@type":"SearchAction","target":{"@type":"EntryPoint","urlTemplate":"https:\/\/www.archeoparc.it\/?s={search_term_string}"},"query-input":{"@type":"PropertyValueSpecification","valueRequired":true,"valueName":"search_term_string"}}],"inLanguage":"it-IT"},{"@type":"Organization","@id":"https:\/\/www.archeoparc.it\/#organization","name":"archeoparc Schnalstal","url":"https:\/\/www.archeoparc.it\/","logo":{"@type":"ImageObject","inLanguage":"it-IT","@id":"https:\/\/www.archeoparc.it\/#\/schema\/logo\/image\/","url":"https:\/\/www.archeoparc.it\/wp-content\/uploads\/cropped-archeoparc_logo_sw.png","contentUrl":"https:\/\/www.archeoparc.it\/wp-content\/uploads\/cropped-archeoparc_logo_sw.png","width":654,"height":211,"caption":"archeoparc Schnalstal"},"image":{"@id":"https:\/\/www.archeoparc.it\/#\/schema\/logo\/image\/"}}]}},"_links":{"self":[{"href":"https:\/\/www.archeoparc.it\/it\/wp-json\/wp\/v2\/pages\/60724","targetHints":{"allow":["GET"]}}],"collection":[{"href":"https:\/\/www.archeoparc.it\/it\/wp-json\/wp\/v2\/pages"}],"about":[{"href":"https:\/\/www.archeoparc.it\/it\/wp-json\/wp\/v2\/types\/page"}],"author":[{"embeddable":true,"href":"https:\/\/www.archeoparc.it\/it\/wp-json\/wp\/v2\/users\/6"}],"replies":[{"embeddable":true,"href":"https:\/\/www.archeoparc.it\/it\/wp-json\/wp\/v2\/comments?post=60724"}],"version-history":[{"count":24,"href":"https:\/\/www.archeoparc.it\/it\/wp-json\/wp\/v2\/pages\/60724\/revisions"}],"predecessor-version":[{"id":63658,"href":"https:\/\/www.archeoparc.it\/it\/wp-json\/wp\/v2\/pages\/60724\/revisions\/63658"}],"wp:attachment":[{"href":"https:\/\/www.archeoparc.it\/it\/wp-json\/wp\/v2\/media?parent=60724"}],"wp:term":[{"taxonomy":"post_tag","embeddable":true,"href":"https:\/\/www.archeoparc.it\/it\/wp-json\/wp\/v2\/tags?post=60724"}],"curies":[{"name":"wp","href":"https:\/\/api.w.org\/{rel}","templated":true}]}}