{"id":845,"date":"2013-04-22T12:41:34","date_gmt":"2013-04-22T10:41:34","guid":{"rendered":"http:\/\/archeo.pixelcreatures.at\/?page_id=845"},"modified":"2024-06-18T19:38:13","modified_gmt":"2024-06-18T17:38:13","slug":"ciao","status":"publish","type":"page","link":"https:\/\/www.archeoparc.it\/it\/","title":{"rendered":"Scoprire il mondo di \u00d6tzi all&#8217;archeoParc Val Senales"},"content":{"rendered":"\n<div class=\"wp-block-columns is-layout-flex wp-container-core-columns-is-layout-28f84493 wp-block-columns-is-layout-flex\">\n<div class=\"wp-block-column is-layout-flow wp-block-column-is-layout-flow\">\n<figure class=\"wp-block-image aligncenter\"><a href=\"https:\/\/www.archeoparc.it\/it\/visita\/da-vedere\/\"><img loading=\"lazy\" decoding=\"async\" width=\"50\" height=\"50\" src=\"https:\/\/www.archeoparc.it\/wp-content\/uploads\/landmark-solid.png\" alt=\"\" class=\"wp-image-41202\"\/><\/a><\/figure>\n\n\n\n<p class=\"has-text-align-center\"><a href=\"https:\/\/www.archeoparc.it\/it\/visita\/da-vedere\/\">Scoprire il museo<\/a><\/p>\n<\/div>\n\n\n\n<div class=\"wp-block-column is-layout-flow wp-block-column-is-layout-flow\">\n<figure class=\"wp-block-image aligncenter\"><a href=\"https:\/\/www.archeoparc.it\/it\/oggi\/\"><img loading=\"lazy\" decoding=\"async\" width=\"50\" height=\"50\" src=\"https:\/\/www.archeoparc.it\/wp-content\/uploads\/clock-regular.png\" alt=\"\" class=\"wp-image-41196\"\/><\/a><\/figure>\n\n\n\n<p class=\"has-text-align-center\"><a href=\"https:\/\/www.archeoparc.it\/it\/oggi\/\">Oggi<\/a><\/p>\n<\/div>\n\n\n\n<div class=\"wp-block-column is-layout-flow wp-block-column-is-layout-flow\">\n<figure class=\"wp-block-image aligncenter\"><a href=\"https:\/\/www.archeoparc.it\/it\/visita\/info-pratiche\/#tickets\"><img loading=\"lazy\" decoding=\"async\" width=\"56\" height=\"50\" src=\"https:\/\/www.archeoparc.it\/wp-content\/uploads\/ticket-solid.png\" alt=\"\" class=\"wp-image-41208\"\/><\/a><\/figure>\n\n\n\n<p class=\"has-text-align-center\"><a href=\"https:\/\/www.archeoparc.it\/it\/visita\/info-pratiche\/#tickets\">Biglietti<\/a><\/p>\n<\/div>\n\n\n\n<div class=\"wp-block-column is-layout-flow wp-block-column-is-layout-flow\">\n<figure class=\"wp-block-image aligncenter size-full\"><img loading=\"lazy\" decoding=\"async\" width=\"50\" height=\"51\" src=\"https:\/\/www.archeoparc.it\/wp-content\/uploads\/signs-post-solid.png\" alt=\"\" class=\"wp-image-41855\"\/><\/figure>\n\n\n\n<p class=\"has-text-align-center\"> <a href=\"https:\/\/www.archeoparc.it\/it\/visita\/info-pratiche\/#comearrivare\">Come arrivare<\/a><\/p>\n<\/div>\n\n\n\n<div class=\"wp-block-column is-layout-flow wp-block-column-is-layout-flow\">\n<figure class=\"wp-block-image aligncenter\"><a href=\"https:\/\/www.archeoparc.it\/it\/contatti\/\"><img loading=\"lazy\" decoding=\"async\" width=\"44\" height=\"50\" src=\"https:\/\/www.archeoparc.it\/wp-content\/uploads\/calendar.png\" alt=\"\" class=\"wp-image-41193\"\/><\/a><\/figure>\n\n\n\n<p class=\"has-text-align-center\"><a href=\"https:\/\/www.archeoparc.it\/it\/contatti\/\">Prenotare<\/a><\/p>\n<\/div>\n\n\n\n<div class=\"wp-block-column is-layout-flow wp-block-column-is-layout-flow\">\n<figure class=\"wp-block-image aligncenter size-full\"><img loading=\"lazy\" decoding=\"async\" width=\"50\" height=\"50\" src=\"https:\/\/www.archeoparc.it\/wp-content\/uploads\/phone-solid.png\" alt=\"\" class=\"wp-image-41852\"\/><\/figure>\n\n\n\n<p class=\"has-text-align-center\"><a href=\"https:\/\/www.archeoparc.it\/it\/contatti\/\">Chiamare<\/a><\/p>\n<\/div>\n<\/div>\n\n\n\n<div style=\"height:100px\" aria-hidden=\"true\" class=\"wp-block-spacer\"><\/div>\n\n\n<div class=\"startboxen\">\n\t\t\t<div class=\"startbox\"> <a  href=\"https:\/\/www.archeoparc.it\/it\/calendario\/\"><img loading=\"lazy\" decoding=\"async\" width=\"300\" height=\"200\" src=\"https:\/\/www.archeoparc.it\/wp-content\/uploads\/archeoparc-schnalstal-press-16056-300x200.jpg\" class=\"attachment-startbox size-startbox wp-post-image\" alt=\"\" \/> <\/a>\t\t\t\t\t<h3> Il programma dei laboratori didattici a maggio&#8230;<\/h3>\n\t\t\t\t\t<a  class=\"readmore\" href=\"https:\/\/www.archeoparc.it\/it\/calendario\/\">Avanti<\/a><\/div>  \n\t\t\t<div class=\"startbox\"> <a  href=\"https:\/\/www.archeoparc.it\/it\/event\/26-kollegentag\/\"><img loading=\"lazy\" decoding=\"async\" width=\"300\" height=\"200\" src=\"https:\/\/www.archeoparc.it\/wp-content\/uploads\/archeoparc-schnalstal-16254-300x200.jpg\" class=\"attachment-startbox size-startbox wp-post-image\" alt=\"\" srcset=\"https:\/\/www.archeoparc.it\/wp-content\/uploads\/archeoparc-schnalstal-16254-300x200.jpg 300w, https:\/\/www.archeoparc.it\/wp-content\/uploads\/archeoparc-schnalstal-16254-1024x680.jpg 1024w, https:\/\/www.archeoparc.it\/wp-content\/uploads\/archeoparc-schnalstal-16254-676x449.jpg 676w, https:\/\/www.archeoparc.it\/wp-content\/uploads\/archeoparc-schnalstal-16254.jpg 1200w\" sizes=\"auto, (max-width: 300px) 100vw, 300px\" \/> <\/a>\t\t\t\t\t<h3> COMING SOON: Giornata dei colleghi all\u2019archeoParc\u2026<\/h3>\n\t\t\t\t\t<a  class=\"readmore\" href=\"https:\/\/www.archeoparc.it\/it\/event\/26-kollegentag\/\">Avanti<\/a><\/div>\n \t\t\t<div class=\"startbox\"> <a  href=\"https:\/\/www.archeoparc.it\/it\/oetzi-glacier-tour\/#prenotazioni\"><img loading=\"lazy\" decoding=\"async\" width=\"520\" height=\"347\" src=\"https:\/\/www.archeoparc.it\/wp-content\/uploads\/archeoparc-schnalstal-19007-1-520x347.jpg\" class=\"attachment-startbox size-startbox wp-post-image\" alt=\"Abfahrt im Neuschnee im Rahmen der \u00d6tzi Glacier Tour mit Axel Naglich am Schnalstaler Gletscher  Discesa nella neve fresca nell\u0092ambito dell\u0092\u00d6tzi Glacier Tour con Axel Naglich nella Val Senales  \u00d6tzi Glacier Tour with Axel Naglich in Val Senales Valley in northern Italy\" srcset=\"https:\/\/www.archeoparc.it\/wp-content\/uploads\/archeoparc-schnalstal-19007-1-520x347.jpg 520w, https:\/\/www.archeoparc.it\/wp-content\/uploads\/archeoparc-schnalstal-19007-1-1536x1029.jpg 1536w, https:\/\/www.archeoparc.it\/wp-content\/uploads\/archeoparc-schnalstal-19007-1-2048x1371.jpg 2048w, https:\/\/www.archeoparc.it\/wp-content\/uploads\/archeoparc-schnalstal-19007-1-300x200.jpg 300w, https:\/\/www.archeoparc.it\/wp-content\/uploads\/archeoparc-schnalstal-19007-1-1024x686.jpg 1024w, https:\/\/www.archeoparc.it\/wp-content\/uploads\/archeoparc-schnalstal-19007-1-676x453.jpg 676w\" sizes=\"auto, (max-width: 520px) 100vw, 520px\" \/> <\/a>\t\t\t\t\t<h3> \u00d6tzi Glacier Tour. Ski tour al luogo di ritrovamento di \u00d6tzi ogni marted\u00ec\u2026<\/h3>\n\t\t\t\t\t<a  class=\"readmore\" href=\"https:\/\/www.archeoparc.it\/it\/oetzi-glacier-tour\/#prenotazioni\">Avanti<\/a><\/div>  \n\n \t\t\t<div class=\"startbox\"> <a  href=\"\"><img loading=\"lazy\" decoding=\"async\" width=\"3071\" height=\"2303\" src=\"https:\/\/www.archeoparc.it\/wp-content\/uploads\/archeoparc-schnalstal-press-25001.jpg\" class=\"attachment-startbox size-startbox wp-post-image\" alt=\"\" srcset=\"https:\/\/www.archeoparc.it\/wp-content\/uploads\/archeoparc-schnalstal-press-25001.jpg 3071w, https:\/\/www.archeoparc.it\/wp-content\/uploads\/archeoparc-schnalstal-press-25001-300x225.jpg 300w, https:\/\/www.archeoparc.it\/wp-content\/uploads\/archeoparc-schnalstal-press-25001-1200x900.jpg 1200w, https:\/\/www.archeoparc.it\/wp-content\/uploads\/archeoparc-schnalstal-press-25001-1536x1152.jpg 1536w, https:\/\/www.archeoparc.it\/wp-content\/uploads\/archeoparc-schnalstal-press-25001-2048x1536.jpg 2048w\" sizes=\"auto, (max-width: 3071px) 100vw, 3071px\" \/> <\/a>\t\t\t\t\t<h3> Visitare l&#8217;archeoParc con la famiglia? Ecco i nostri consigli&#8230;<\/h3>\n\t\t\t\t\t<a  class=\"readmore\" href=\"\">Avanti<\/a><\/div>  \n\n \t\t\t<div class=\"startbox\"> <a  href=\"https:\/\/www.archeoparc.it\/it\/2025\/grest-estivo-2026-informazioni\/\"><img loading=\"lazy\" decoding=\"async\" width=\"520\" height=\"347\" src=\"https:\/\/www.archeoparc.it\/wp-content\/uploads\/archeoparc-schnalstal-17059-520x347.jpg\" class=\"attachment-startbox size-startbox wp-post-image\" alt=\"Schild Kindersommer Schnals im archeoParcCartello Estate dei bambini della val Senales presso l\u0092archeoParcSign oft he Kids summer school at archeoParcJuly 2017\" srcset=\"https:\/\/www.archeoparc.it\/wp-content\/uploads\/archeoparc-schnalstal-17059-520x347.jpg 520w, https:\/\/www.archeoparc.it\/wp-content\/uploads\/archeoparc-schnalstal-17059-300x200.jpg 300w\" sizes=\"auto, (max-width: 520px) 100vw, 520px\" \/> <\/a>\t\t\t\t\t<h3> Informazioni sul grest estivo 2026&#8230;<\/h3>\n\t\t\t\t\t<a  class=\"readmore\" href=\"https:\/\/www.archeoparc.it\/it\/2025\/grest-estivo-2026-informazioni\/\">Avanti<\/a><\/div>  \n\n \t\t\t<div class=\"startbox\"> <a  href=\"http:\/\/www.archeoparc.it\/it\/visita\/da-vedere\/\"><img loading=\"lazy\" decoding=\"async\" width=\"300\" height=\"200\" src=\"https:\/\/www.archeoparc.it\/wp-content\/uploads\/archeoparc-schnalstal-press-18002-300x200.jpg\" class=\"attachment-startbox size-startbox wp-post-image\" alt=\"\" srcset=\"https:\/\/www.archeoparc.it\/wp-content\/uploads\/archeoparc-schnalstal-press-18002-300x200.jpg 300w, https:\/\/www.archeoparc.it\/wp-content\/uploads\/archeoparc-schnalstal-press-18002-1024x680.jpg 1024w, https:\/\/www.archeoparc.it\/wp-content\/uploads\/archeoparc-schnalstal-press-18002-676x449.jpg 676w\" sizes=\"auto, (max-width: 300px) 100vw, 300px\" \/> <\/a>\t\t\t\t\t<h3> Cosa vi aspetta durante una visita da noi\u2026.<\/h3>\n\t\t\t\t\t<a  class=\"readmore\" href=\"http:\/\/www.archeoparc.it\/it\/visita\/da-vedere\/\">Avanti<\/a><\/div>  \n   \n<\/div>","protected":false},"excerpt":{"rendered":"<p>Scoprire il museo Oggi Biglietti Come arrivare Prenotare Chiamare<\/p>\n","protected":false},"author":6,"featured_media":0,"parent":0,"menu_order":0,"comment_status":"closed","ping_status":"closed","template":"page-no-title","meta":{"_acf_changed":false,"_tec_requires_first_save":true,"_EventAllDay":false,"_EventTimezone":"","_EventStartDate":"","_EventEndDate":"","_EventStartDateUTC":"","_EventEndDateUTC":"","_EventShowMap":false,"_EventShowMapLink":false,"_EventURL":"","_EventCost":"","_EventCostDescription":"","_EventCurrencySymbol":"","_EventCurrencyCode":"","_EventCurrencyPosition":"","_EventDateTimeSeparator":"","_EventTimeRangeSeparator":"","_EventOrganizerID":[],"_EventVenueID":[],"_OrganizerEmail":"","_OrganizerPhone":"","_OrganizerWebsite":"","_VenueAddress":"","_VenueCity":"","_VenueCountry":"","_VenueProvince":"","_VenueState":"","_VenueZip":"","_VenuePhone":"","_VenueURL":"","_VenueStateProvince":"","_VenueLat":"","_VenueLng":"","_VenueShowMap":false,"_VenueShowMapLink":false,"_tribe_blocks_recurrence_rules":"","_tribe_blocks_recurrence_description":"","_tribe_blocks_recurrence_exclusions":"","footnotes":""},"tags":[],"class_list":["post-845","page","type-page","status-publish","hentry"],"acf":[],"yoast_head":"<!-- This site is optimized with the Yoast SEO plugin v27.5 - https:\/\/yoast.com\/product\/yoast-seo-wordpress\/ -->\n<title>archeoParc Val Senales<\/title>\n<meta name=\"robots\" content=\"index, follow, max-snippet:-1, max-image-preview:large, max-video-preview:-1\" \/>\n<link rel=\"canonical\" href=\"https:\/\/www.archeoparc.it\/it\/\" \/>\n<meta name=\"twitter:label1\" content=\"Tempo di lettura stimato\" \/>\n\t<meta name=\"twitter:data1\" content=\"2 minuti\" \/>\n<script type=\"application\/ld+json\" class=\"yoast-schema-graph\">{\"@context\":\"https:\\\/\\\/schema.org\",\"@graph\":[{\"@type\":\"WebPage\",\"@id\":\"https:\\\/\\\/www.archeoparc.it\\\/it\\\/\",\"url\":\"https:\\\/\\\/www.archeoparc.it\\\/it\\\/\",\"name\":\"archeoParc Val Senales\",\"isPartOf\":{\"@id\":\"https:\\\/\\\/www.archeoparc.it\\\/#website\"},\"primaryImageOfPage\":{\"@id\":\"https:\\\/\\\/www.archeoparc.it\\\/it\\\/#primaryimage\"},\"image\":{\"@id\":\"https:\\\/\\\/www.archeoparc.it\\\/it\\\/#primaryimage\"},\"thumbnailUrl\":\"https:\\\/\\\/www.archeoparc.it\\\/wp-content\\\/uploads\\\/landmark-solid.png\",\"datePublished\":\"2013-04-22T10:41:34+00:00\",\"dateModified\":\"2024-06-18T17:38:13+00:00\",\"inLanguage\":\"it-IT\",\"potentialAction\":[{\"@type\":\"ReadAction\",\"target\":[\"https:\\\/\\\/www.archeoparc.it\\\/it\\\/\"]}]},{\"@type\":\"ImageObject\",\"inLanguage\":\"it-IT\",\"@id\":\"https:\\\/\\\/www.archeoparc.it\\\/it\\\/#primaryimage\",\"url\":\"https:\\\/\\\/www.archeoparc.it\\\/wp-content\\\/uploads\\\/landmark-solid.png\",\"contentUrl\":\"https:\\\/\\\/www.archeoparc.it\\\/wp-content\\\/uploads\\\/landmark-solid.png\"},{\"@type\":\"WebSite\",\"@id\":\"https:\\\/\\\/www.archeoparc.it\\\/#website\",\"url\":\"https:\\\/\\\/www.archeoparc.it\\\/\",\"name\":\"archeoParc Schnalstal\",\"description\":\"Arch\u00e4ologisches Freilichtmuseum\",\"publisher\":{\"@id\":\"https:\\\/\\\/www.archeoparc.it\\\/#organization\"},\"potentialAction\":[{\"@type\":\"SearchAction\",\"target\":{\"@type\":\"EntryPoint\",\"urlTemplate\":\"https:\\\/\\\/www.archeoparc.it\\\/?s={search_term_string}\"},\"query-input\":{\"@type\":\"PropertyValueSpecification\",\"valueRequired\":true,\"valueName\":\"search_term_string\"}}],\"inLanguage\":\"it-IT\"},{\"@type\":\"Organization\",\"@id\":\"https:\\\/\\\/www.archeoparc.it\\\/#organization\",\"name\":\"archeoparc Schnalstal\",\"url\":\"https:\\\/\\\/www.archeoparc.it\\\/\",\"logo\":{\"@type\":\"ImageObject\",\"inLanguage\":\"it-IT\",\"@id\":\"https:\\\/\\\/www.archeoparc.it\\\/#\\\/schema\\\/logo\\\/image\\\/\",\"url\":\"https:\\\/\\\/www.archeoparc.it\\\/wp-content\\\/uploads\\\/cropped-archeoparc_logo_sw.png\",\"contentUrl\":\"https:\\\/\\\/www.archeoparc.it\\\/wp-content\\\/uploads\\\/cropped-archeoparc_logo_sw.png\",\"width\":654,\"height\":211,\"caption\":\"archeoparc Schnalstal\"},\"image\":{\"@id\":\"https:\\\/\\\/www.archeoparc.it\\\/#\\\/schema\\\/logo\\\/image\\\/\"}}]}<\/script>\n<!-- \/ Yoast SEO plugin. -->","yoast_head_json":{"title":"archeoParc Val Senales","robots":{"index":"index","follow":"follow","max-snippet":"max-snippet:-1","max-image-preview":"max-image-preview:large","max-video-preview":"max-video-preview:-1"},"canonical":"https:\/\/www.archeoparc.it\/it\/","twitter_misc":{"Tempo di lettura stimato":"2 minuti"},"schema":{"@context":"https:\/\/schema.org","@graph":[{"@type":"WebPage","@id":"https:\/\/www.archeoparc.it\/it\/","url":"https:\/\/www.archeoparc.it\/it\/","name":"archeoParc Val Senales","isPartOf":{"@id":"https:\/\/www.archeoparc.it\/#website"},"primaryImageOfPage":{"@id":"https:\/\/www.archeoparc.it\/it\/#primaryimage"},"image":{"@id":"https:\/\/www.archeoparc.it\/it\/#primaryimage"},"thumbnailUrl":"https:\/\/www.archeoparc.it\/wp-content\/uploads\/landmark-solid.png","datePublished":"2013-04-22T10:41:34+00:00","dateModified":"2024-06-18T17:38:13+00:00","inLanguage":"it-IT","potentialAction":[{"@type":"ReadAction","target":["https:\/\/www.archeoparc.it\/it\/"]}]},{"@type":"ImageObject","inLanguage":"it-IT","@id":"https:\/\/www.archeoparc.it\/it\/#primaryimage","url":"https:\/\/www.archeoparc.it\/wp-content\/uploads\/landmark-solid.png","contentUrl":"https:\/\/www.archeoparc.it\/wp-content\/uploads\/landmark-solid.png"},{"@type":"WebSite","@id":"https:\/\/www.archeoparc.it\/#website","url":"https:\/\/www.archeoparc.it\/","name":"archeoParc Schnalstal","description":"Arch\u00e4ologisches Freilichtmuseum","publisher":{"@id":"https:\/\/www.archeoparc.it\/#organization"},"potentialAction":[{"@type":"SearchAction","target":{"@type":"EntryPoint","urlTemplate":"https:\/\/www.archeoparc.it\/?s={search_term_string}"},"query-input":{"@type":"PropertyValueSpecification","valueRequired":true,"valueName":"search_term_string"}}],"inLanguage":"it-IT"},{"@type":"Organization","@id":"https:\/\/www.archeoparc.it\/#organization","name":"archeoparc Schnalstal","url":"https:\/\/www.archeoparc.it\/","logo":{"@type":"ImageObject","inLanguage":"it-IT","@id":"https:\/\/www.archeoparc.it\/#\/schema\/logo\/image\/","url":"https:\/\/www.archeoparc.it\/wp-content\/uploads\/cropped-archeoparc_logo_sw.png","contentUrl":"https:\/\/www.archeoparc.it\/wp-content\/uploads\/cropped-archeoparc_logo_sw.png","width":654,"height":211,"caption":"archeoparc Schnalstal"},"image":{"@id":"https:\/\/www.archeoparc.it\/#\/schema\/logo\/image\/"}}]}},"_links":{"self":[{"href":"https:\/\/www.archeoparc.it\/it\/wp-json\/wp\/v2\/pages\/845","targetHints":{"allow":["GET"]}}],"collection":[{"href":"https:\/\/www.archeoparc.it\/it\/wp-json\/wp\/v2\/pages"}],"about":[{"href":"https:\/\/www.archeoparc.it\/it\/wp-json\/wp\/v2\/types\/page"}],"author":[{"embeddable":true,"href":"https:\/\/www.archeoparc.it\/it\/wp-json\/wp\/v2\/users\/6"}],"replies":[{"embeddable":true,"href":"https:\/\/www.archeoparc.it\/it\/wp-json\/wp\/v2\/comments?post=845"}],"version-history":[{"count":11,"href":"https:\/\/www.archeoparc.it\/it\/wp-json\/wp\/v2\/pages\/845\/revisions"}],"predecessor-version":[{"id":42848,"href":"https:\/\/www.archeoparc.it\/it\/wp-json\/wp\/v2\/pages\/845\/revisions\/42848"}],"wp:attachment":[{"href":"https:\/\/www.archeoparc.it\/it\/wp-json\/wp\/v2\/media?parent=845"}],"wp:term":[{"taxonomy":"post_tag","embeddable":true,"href":"https:\/\/www.archeoparc.it\/it\/wp-json\/wp\/v2\/tags?post=845"}],"curies":[{"name":"wp","href":"https:\/\/api.w.org\/{rel}","templated":true}]}}