{"id":891,"date":"2012-12-13T21:29:59","date_gmt":"2012-12-13T20:29:59","guid":{"rendered":"http:\/\/archeo.pixelcreatures.at\/?page_id=891"},"modified":"2023-02-09T14:15:57","modified_gmt":"2023-02-09T13:15:57","slug":"compleanno","status":"publish","type":"page","link":"https:\/\/www.archeoparc.it\/it\/compleanno\/","title":{"rendered":"Compleanno all\u2019aP"},"content":{"rendered":"<h3>Festeggiare il compleanno dei vostri piccoli all&#8217;archeoParc?<\/h3>\n<p>(i1) Preparare la torta, incartare i regali, scegliere i giochi&#8230; Ogni genitore desidera un compleanno speciale per i propri bambini, anche se molti delegherebbero volentieri ad altri l\u2019organizzazione dell\u2019evento. In tal caso abbiamo ci\u00f2 che fa per voi: una festa a tu per tu con \u00d6tzi! Su prenotazione offriamo un programma di giochi e divertimenti che render\u00e0 indimenticabile il compleanno dei vostri piccoli.<\/p>\n<p>Con un nome appropriato e il viso dipinto di vivaci disegni, i partecipanti alla festa iniziano un viaggio nel mondo preistorico ricco di avventure ed emozioni: Dopo i preparativi nella capanna neolitica, si parte con arco e frecce per una grande caccia allo stambecco. Chi colpisce la preda potr\u00e0 usarne la pelle per confezionare dei braccialetti dell\u2019amicizia. Continuando l\u2019esplorazione si scopriranno antiche scritte enigmatiche che indicano la strada per il tesoro neolitico. Insieme prepareremo infine il pane, faremo giochi e ascolteremo storie del lontano passato. Il divertimento \u00e8 garantito!<\/p>\n<p>Per chi si porta da casa la torta o una merenda, il personale della caffetteria allestir\u00e0 un simpatico rinfresco nell\u2019aula didattica del museo.<\/p>\n<p><strong>Target:<\/strong> Per bambini dai 5 ai 12 anni<br \/>\n<strong>Numero partecipanti:<\/strong> max 15 bambini \/max 25 bambini<br \/>\n<strong>Tariffe:<\/strong> fino a 15 bambini: 250 Euro\/fino a 25 bambini: 350 Euro (include servizio di mediazione culturale, materiali, succho di frutta, piccolo regalo per il\/la festeggiato\/a, preparazione del rinfresco da parte del personale della caffetteria)<br \/>\nIngresso libero per i partecipanti e per due accompagnatori adulti<br \/>\nIngresso a tariffa normale per ulteriori adulti<br \/>\n<strong>Periodo:<\/strong> da marzo a giugno e da settembre a dicembre, ore 15:00-18:00<br \/>\n<strong>Durata:<\/strong> 3 ore<br \/>\n<a title=\"Info pratiche\" href=\"https:\/\/www.archeoparc.it\/it\/gruppi\/info-pratiche\/\">Prenotazione e info pratiche<\/a><\/p>\n","protected":false},"excerpt":{"rendered":"<p>Festeggiare il compleanno dei vostri piccoli all&#8217;archeoParc? (i1) Preparare la torta, incartare i regali, scegliere i giochi&#8230; Ogni genitore desidera un compleanno speciale per i propri bambini, anche se molti [&hellip;]<\/p>\n","protected":false},"author":6,"featured_media":0,"parent":0,"menu_order":0,"comment_status":"closed","ping_status":"open","template":"","meta":{"_acf_changed":false,"_tec_requires_first_save":true,"_EventAllDay":false,"_EventTimezone":"","_EventStartDate":"","_EventEndDate":"","_EventStartDateUTC":"","_EventEndDateUTC":"","_EventShowMap":false,"_EventShowMapLink":false,"_EventURL":"","_EventCost":"","_EventCostDescription":"","_EventCurrencySymbol":"","_EventCurrencyCode":"","_EventCurrencyPosition":"","_EventDateTimeSeparator":"","_EventTimeRangeSeparator":"","_EventOrganizerID":[],"_EventVenueID":[],"_OrganizerEmail":"","_OrganizerPhone":"","_OrganizerWebsite":"","_VenueAddress":"","_VenueCity":"","_VenueCountry":"","_VenueProvince":"","_VenueState":"","_VenueZip":"","_VenuePhone":"","_VenueURL":"","_VenueStateProvince":"","_VenueLat":"","_VenueLng":"","_VenueShowMap":false,"_VenueShowMapLink":false,"_tribe_blocks_recurrence_rules":"","_tribe_blocks_recurrence_description":"","_tribe_blocks_recurrence_exclusions":"","footnotes":""},"tags":[],"class_list":["post-891","page","type-page","status-publish","hentry"],"acf":[],"yoast_head":"<!-- This site is optimized with the Yoast SEO plugin v27.5 - https:\/\/yoast.com\/product\/yoast-seo-wordpress\/ -->\n<title>Compleanno all\u2019aP | archeoParc Schnalstal<\/title>\n<meta name=\"robots\" content=\"index, follow, max-snippet:-1, max-image-preview:large, max-video-preview:-1\" \/>\n<link rel=\"canonical\" href=\"https:\/\/www.archeoparc.it\/it\/compleanno\/\" \/>\n<meta name=\"twitter:label1\" content=\"Tempo di lettura stimato\" \/>\n\t<meta name=\"twitter:data1\" content=\"2 minuti\" \/>\n<script type=\"application\/ld+json\" class=\"yoast-schema-graph\">{\"@context\":\"https:\\\/\\\/schema.org\",\"@graph\":[{\"@type\":\"WebPage\",\"@id\":\"https:\\\/\\\/www.archeoparc.it\\\/it\\\/compleanno\\\/\",\"url\":\"https:\\\/\\\/www.archeoparc.it\\\/it\\\/compleanno\\\/\",\"name\":\"Compleanno all\u2019aP | archeoParc Schnalstal\",\"isPartOf\":{\"@id\":\"https:\\\/\\\/www.archeoparc.it\\\/#website\"},\"datePublished\":\"2012-12-13T20:29:59+00:00\",\"dateModified\":\"2023-02-09T13:15:57+00:00\",\"inLanguage\":\"it-IT\",\"potentialAction\":[{\"@type\":\"ReadAction\",\"target\":[\"https:\\\/\\\/www.archeoparc.it\\\/it\\\/compleanno\\\/\"]}]},{\"@type\":\"WebSite\",\"@id\":\"https:\\\/\\\/www.archeoparc.it\\\/#website\",\"url\":\"https:\\\/\\\/www.archeoparc.it\\\/\",\"name\":\"archeoParc Schnalstal\",\"description\":\"Arch\u00e4ologisches Freilichtmuseum\",\"publisher\":{\"@id\":\"https:\\\/\\\/www.archeoparc.it\\\/#organization\"},\"potentialAction\":[{\"@type\":\"SearchAction\",\"target\":{\"@type\":\"EntryPoint\",\"urlTemplate\":\"https:\\\/\\\/www.archeoparc.it\\\/?s={search_term_string}\"},\"query-input\":{\"@type\":\"PropertyValueSpecification\",\"valueRequired\":true,\"valueName\":\"search_term_string\"}}],\"inLanguage\":\"it-IT\"},{\"@type\":\"Organization\",\"@id\":\"https:\\\/\\\/www.archeoparc.it\\\/#organization\",\"name\":\"archeoparc Schnalstal\",\"url\":\"https:\\\/\\\/www.archeoparc.it\\\/\",\"logo\":{\"@type\":\"ImageObject\",\"inLanguage\":\"it-IT\",\"@id\":\"https:\\\/\\\/www.archeoparc.it\\\/#\\\/schema\\\/logo\\\/image\\\/\",\"url\":\"https:\\\/\\\/www.archeoparc.it\\\/wp-content\\\/uploads\\\/cropped-archeoparc_logo_sw.png\",\"contentUrl\":\"https:\\\/\\\/www.archeoparc.it\\\/wp-content\\\/uploads\\\/cropped-archeoparc_logo_sw.png\",\"width\":654,\"height\":211,\"caption\":\"archeoparc Schnalstal\"},\"image\":{\"@id\":\"https:\\\/\\\/www.archeoparc.it\\\/#\\\/schema\\\/logo\\\/image\\\/\"}}]}<\/script>\n<!-- \/ Yoast SEO plugin. -->","yoast_head_json":{"title":"Compleanno all\u2019aP | archeoParc Schnalstal","robots":{"index":"index","follow":"follow","max-snippet":"max-snippet:-1","max-image-preview":"max-image-preview:large","max-video-preview":"max-video-preview:-1"},"canonical":"https:\/\/www.archeoparc.it\/it\/compleanno\/","twitter_misc":{"Tempo di lettura stimato":"2 minuti"},"schema":{"@context":"https:\/\/schema.org","@graph":[{"@type":"WebPage","@id":"https:\/\/www.archeoparc.it\/it\/compleanno\/","url":"https:\/\/www.archeoparc.it\/it\/compleanno\/","name":"Compleanno all\u2019aP | archeoParc Schnalstal","isPartOf":{"@id":"https:\/\/www.archeoparc.it\/#website"},"datePublished":"2012-12-13T20:29:59+00:00","dateModified":"2023-02-09T13:15:57+00:00","inLanguage":"it-IT","potentialAction":[{"@type":"ReadAction","target":["https:\/\/www.archeoparc.it\/it\/compleanno\/"]}]},{"@type":"WebSite","@id":"https:\/\/www.archeoparc.it\/#website","url":"https:\/\/www.archeoparc.it\/","name":"archeoParc Schnalstal","description":"Arch\u00e4ologisches Freilichtmuseum","publisher":{"@id":"https:\/\/www.archeoparc.it\/#organization"},"potentialAction":[{"@type":"SearchAction","target":{"@type":"EntryPoint","urlTemplate":"https:\/\/www.archeoparc.it\/?s={search_term_string}"},"query-input":{"@type":"PropertyValueSpecification","valueRequired":true,"valueName":"search_term_string"}}],"inLanguage":"it-IT"},{"@type":"Organization","@id":"https:\/\/www.archeoparc.it\/#organization","name":"archeoparc Schnalstal","url":"https:\/\/www.archeoparc.it\/","logo":{"@type":"ImageObject","inLanguage":"it-IT","@id":"https:\/\/www.archeoparc.it\/#\/schema\/logo\/image\/","url":"https:\/\/www.archeoparc.it\/wp-content\/uploads\/cropped-archeoparc_logo_sw.png","contentUrl":"https:\/\/www.archeoparc.it\/wp-content\/uploads\/cropped-archeoparc_logo_sw.png","width":654,"height":211,"caption":"archeoparc Schnalstal"},"image":{"@id":"https:\/\/www.archeoparc.it\/#\/schema\/logo\/image\/"}}]}},"_links":{"self":[{"href":"https:\/\/www.archeoparc.it\/it\/wp-json\/wp\/v2\/pages\/891","targetHints":{"allow":["GET"]}}],"collection":[{"href":"https:\/\/www.archeoparc.it\/it\/wp-json\/wp\/v2\/pages"}],"about":[{"href":"https:\/\/www.archeoparc.it\/it\/wp-json\/wp\/v2\/types\/page"}],"author":[{"embeddable":true,"href":"https:\/\/www.archeoparc.it\/it\/wp-json\/wp\/v2\/users\/6"}],"replies":[{"embeddable":true,"href":"https:\/\/www.archeoparc.it\/it\/wp-json\/wp\/v2\/comments?post=891"}],"version-history":[{"count":3,"href":"https:\/\/www.archeoparc.it\/it\/wp-json\/wp\/v2\/pages\/891\/revisions"}],"predecessor-version":[{"id":37318,"href":"https:\/\/www.archeoparc.it\/it\/wp-json\/wp\/v2\/pages\/891\/revisions\/37318"}],"wp:attachment":[{"href":"https:\/\/www.archeoparc.it\/it\/wp-json\/wp\/v2\/media?parent=891"}],"wp:term":[{"taxonomy":"post_tag","embeddable":true,"href":"https:\/\/www.archeoparc.it\/it\/wp-json\/wp\/v2\/tags?post=891"}],"curies":[{"name":"wp","href":"https:\/\/api.w.org\/{rel}","templated":true}]}}