{"id":927,"date":"2012-12-13T21:33:45","date_gmt":"2012-12-13T20:33:45","guid":{"rendered":"http:\/\/archeo.pixelcreatures.at\/?page_id=927"},"modified":"2019-11-29T16:33:29","modified_gmt":"2019-11-29T15:33:29","slug":"architettura","status":"publish","type":"page","link":"https:\/\/www.archeoparc.it\/it\/chi-siamo\/architettura\/","title":{"rendered":"Architettura"},"content":{"rendered":"<p>Il nostro edificio museale \u00e8 ispirato all\u2019architettura delle abitazioni neolitiche: anzich\u00e9 disporre di una struttura portante a telaio, tipica delle moderne costruzioni in legno, si regge su montanti continui da terra fino alla copertura. Il risultato \u00e8 una costruzione \u201cad aula\u201d con un lato addossato al pendio. I tre lati a vista, invece, sono rivestiti da perline a scandola in legno di larice trattato con impregnante rosso bordeaux. Questo colore, che richiama la gonna del costume femminile della Val Senales, si attesta come elemento di forte riconoscibilit\u00e0 e dal 2008 caratterizza anche il nostro corporate design.<\/p>\n<p>La facciata principale sul lato est \u00e8 quasi interamente vetrata, lasciando leggere chiaramente l\u2019articolazione su due livelli dell\u2019edificio originale. Nel terzo soprastante spicca l\u2019addizione della caffetteria, con la veranda rivestita da lamelle orizzontali in vetro che richiamano il motivo delle perline sovrapposte. La bussola d\u2019ingresso \u00e8 munita di un tetto a spiovente con lamiera di rame che corrisponde per forma e posizione alla copertura principale.<\/p>\n<p>L\u2019interno del museo \u00e8 connotato da una rampa a spirale ellittica, simbolico riferimento al percorso compiuto da \u00d6tzi quando risal\u00ec dal fondovalle fino al Giogo di Tisa. Al terzo piano si raggiunge virtualmente il luogo di ritrovamento della mummia: una conca rocciosa situata nella fascia nivale cui allude il colore grigio chiaro della pavimentazione.<\/p>\n<p>In tutta la costruzione si \u00e8 fatto largo impiego di materiali semplici e non convenzionali, come l\u2019impasto a base di fogliame e cortecce usato per l\u2019isolamento delle doppie pareti esterne.<\/p>\n<p>Il progetto dei sudtirolesi Erich Erlacher e Bernhard Oberrauch, elaborato e realizzato nel periodo 1998-2001, privilegia le superfici vetrate e specchiate, con il fine di instaurare un dialogo costante tra gli spazi interni e l\u2019area all\u2019aperto circondata dalle montagne. Questa continuit\u00e0 emerge in particolare al secondo piano nella sezione \u201cMa \u00d6tzi, dove viveva?\u201d, come pure nella caffetteria al terzo piano, i cui tre lati vetrati lasciano interagire interni ed esterni quasi senza soluzione di continuit\u00e0, supportati anche dalla presenza di sedute in ferro che ricordano quelle da giardino.<\/p>\n<p>Nel 2007, durante una visita aziendale al Neanderthal Museum di Mettmann (D), abbiamo potuto constatare di persona la straordinaria somiglianza tra il suo allestimento interno e quello ideato dai nostri progettisti in Val Senales. Questi ultimi, peraltro, negano di essere stati al corrente del progetto dell\u2019architetto berlinese Arno Brandlhuber, realizzato nel 1996, quando tempo dopo concepirono il loro. Ad ogni modo il nostro museo piace molto a noi, ai nostri visitatori e alla popolazione locale, senza contare che ha destato ripetutamente anche l\u2019interesse di progettisti e tecnici nazionali e stranieri.<\/p>\n<h2>Bibliografia<\/h2>\n<ul>\n<li>BONIVENTO Maria Luisa (2006): <strong>Bio-salto nel tempo.<\/strong> In: Casa Naturale 1\/2006. S. 148-153.<\/li>\n<\/ul>\n","protected":false},"excerpt":{"rendered":"<p>Il nostro edificio museale \u00e8 ispirato all\u2019architettura delle abitazioni neolitiche: anzich\u00e9 disporre di una struttura portante a telaio, tipica delle moderne costruzioni in legno, si regge su montanti continui da [&hellip;]<\/p>\n","protected":false},"author":6,"featured_media":0,"parent":907,"menu_order":0,"comment_status":"closed","ping_status":"open","template":"","meta":{"_acf_changed":false,"_tec_requires_first_save":true,"_EventAllDay":false,"_EventTimezone":"","_EventStartDate":"","_EventEndDate":"","_EventStartDateUTC":"","_EventEndDateUTC":"","_EventShowMap":false,"_EventShowMapLink":false,"_EventURL":"","_EventCost":"","_EventCostDescription":"","_EventCurrencySymbol":"","_EventCurrencyCode":"","_EventCurrencyPosition":"","_EventDateTimeSeparator":"","_EventTimeRangeSeparator":"","_EventOrganizerID":[],"_EventVenueID":[],"_OrganizerEmail":"","_OrganizerPhone":"","_OrganizerWebsite":"","_VenueAddress":"","_VenueCity":"","_VenueCountry":"","_VenueProvince":"","_VenueState":"","_VenueZip":"","_VenuePhone":"","_VenueURL":"","_VenueStateProvince":"","_VenueLat":"","_VenueLng":"","_VenueShowMap":false,"_VenueShowMapLink":false,"_tribe_blocks_recurrence_rules":"","_tribe_blocks_recurrence_description":"","_tribe_blocks_recurrence_exclusions":"","footnotes":""},"tags":[],"class_list":["post-927","page","type-page","status-publish","hentry"],"acf":[],"yoast_head":"<!-- This site is optimized with the Yoast SEO plugin v27.5 - https:\/\/yoast.com\/product\/yoast-seo-wordpress\/ -->\n<title>Architettura | archeoParc Schnalstal<\/title>\n<meta name=\"robots\" content=\"index, follow, max-snippet:-1, max-image-preview:large, max-video-preview:-1\" \/>\n<link rel=\"canonical\" href=\"https:\/\/www.archeoparc.it\/it\/chi-siamo\/architettura\/\" \/>\n<meta name=\"twitter:label1\" content=\"Tempo di lettura stimato\" \/>\n\t<meta name=\"twitter:data1\" content=\"2 minuti\" \/>\n<script type=\"application\/ld+json\" class=\"yoast-schema-graph\">{\"@context\":\"https:\\\/\\\/schema.org\",\"@graph\":[{\"@type\":\"WebPage\",\"@id\":\"https:\\\/\\\/www.archeoparc.it\\\/it\\\/chi-siamo\\\/architettura\\\/\",\"url\":\"https:\\\/\\\/www.archeoparc.it\\\/it\\\/chi-siamo\\\/architettura\\\/\",\"name\":\"Architettura | archeoParc Schnalstal\",\"isPartOf\":{\"@id\":\"https:\\\/\\\/www.archeoparc.it\\\/#website\"},\"datePublished\":\"2012-12-13T20:33:45+00:00\",\"dateModified\":\"2019-11-29T15:33:29+00:00\",\"breadcrumb\":{\"@id\":\"https:\\\/\\\/www.archeoparc.it\\\/it\\\/chi-siamo\\\/architettura\\\/#breadcrumb\"},\"inLanguage\":\"it-IT\",\"potentialAction\":[{\"@type\":\"ReadAction\",\"target\":[\"https:\\\/\\\/www.archeoparc.it\\\/it\\\/chi-siamo\\\/architettura\\\/\"]}]},{\"@type\":\"BreadcrumbList\",\"@id\":\"https:\\\/\\\/www.archeoparc.it\\\/it\\\/chi-siamo\\\/architettura\\\/#breadcrumb\",\"itemListElement\":[{\"@type\":\"ListItem\",\"position\":1,\"name\":\"Chi siamo\",\"item\":\"https:\\\/\\\/www.archeoparc.it\\\/it\\\/chi-siamo\\\/\"},{\"@type\":\"ListItem\",\"position\":2,\"name\":\"Architettura\"}]},{\"@type\":\"WebSite\",\"@id\":\"https:\\\/\\\/www.archeoparc.it\\\/#website\",\"url\":\"https:\\\/\\\/www.archeoparc.it\\\/\",\"name\":\"archeoParc Schnalstal\",\"description\":\"Arch\u00e4ologisches Freilichtmuseum\",\"publisher\":{\"@id\":\"https:\\\/\\\/www.archeoparc.it\\\/#organization\"},\"potentialAction\":[{\"@type\":\"SearchAction\",\"target\":{\"@type\":\"EntryPoint\",\"urlTemplate\":\"https:\\\/\\\/www.archeoparc.it\\\/?s={search_term_string}\"},\"query-input\":{\"@type\":\"PropertyValueSpecification\",\"valueRequired\":true,\"valueName\":\"search_term_string\"}}],\"inLanguage\":\"it-IT\"},{\"@type\":\"Organization\",\"@id\":\"https:\\\/\\\/www.archeoparc.it\\\/#organization\",\"name\":\"archeoparc Schnalstal\",\"url\":\"https:\\\/\\\/www.archeoparc.it\\\/\",\"logo\":{\"@type\":\"ImageObject\",\"inLanguage\":\"it-IT\",\"@id\":\"https:\\\/\\\/www.archeoparc.it\\\/#\\\/schema\\\/logo\\\/image\\\/\",\"url\":\"https:\\\/\\\/www.archeoparc.it\\\/wp-content\\\/uploads\\\/cropped-archeoparc_logo_sw.png\",\"contentUrl\":\"https:\\\/\\\/www.archeoparc.it\\\/wp-content\\\/uploads\\\/cropped-archeoparc_logo_sw.png\",\"width\":654,\"height\":211,\"caption\":\"archeoparc Schnalstal\"},\"image\":{\"@id\":\"https:\\\/\\\/www.archeoparc.it\\\/#\\\/schema\\\/logo\\\/image\\\/\"}}]}<\/script>\n<!-- \/ Yoast SEO plugin. -->","yoast_head_json":{"title":"Architettura | archeoParc Schnalstal","robots":{"index":"index","follow":"follow","max-snippet":"max-snippet:-1","max-image-preview":"max-image-preview:large","max-video-preview":"max-video-preview:-1"},"canonical":"https:\/\/www.archeoparc.it\/it\/chi-siamo\/architettura\/","twitter_misc":{"Tempo di lettura stimato":"2 minuti"},"schema":{"@context":"https:\/\/schema.org","@graph":[{"@type":"WebPage","@id":"https:\/\/www.archeoparc.it\/it\/chi-siamo\/architettura\/","url":"https:\/\/www.archeoparc.it\/it\/chi-siamo\/architettura\/","name":"Architettura | archeoParc Schnalstal","isPartOf":{"@id":"https:\/\/www.archeoparc.it\/#website"},"datePublished":"2012-12-13T20:33:45+00:00","dateModified":"2019-11-29T15:33:29+00:00","breadcrumb":{"@id":"https:\/\/www.archeoparc.it\/it\/chi-siamo\/architettura\/#breadcrumb"},"inLanguage":"it-IT","potentialAction":[{"@type":"ReadAction","target":["https:\/\/www.archeoparc.it\/it\/chi-siamo\/architettura\/"]}]},{"@type":"BreadcrumbList","@id":"https:\/\/www.archeoparc.it\/it\/chi-siamo\/architettura\/#breadcrumb","itemListElement":[{"@type":"ListItem","position":1,"name":"Chi siamo","item":"https:\/\/www.archeoparc.it\/it\/chi-siamo\/"},{"@type":"ListItem","position":2,"name":"Architettura"}]},{"@type":"WebSite","@id":"https:\/\/www.archeoparc.it\/#website","url":"https:\/\/www.archeoparc.it\/","name":"archeoParc Schnalstal","description":"Arch\u00e4ologisches Freilichtmuseum","publisher":{"@id":"https:\/\/www.archeoparc.it\/#organization"},"potentialAction":[{"@type":"SearchAction","target":{"@type":"EntryPoint","urlTemplate":"https:\/\/www.archeoparc.it\/?s={search_term_string}"},"query-input":{"@type":"PropertyValueSpecification","valueRequired":true,"valueName":"search_term_string"}}],"inLanguage":"it-IT"},{"@type":"Organization","@id":"https:\/\/www.archeoparc.it\/#organization","name":"archeoparc Schnalstal","url":"https:\/\/www.archeoparc.it\/","logo":{"@type":"ImageObject","inLanguage":"it-IT","@id":"https:\/\/www.archeoparc.it\/#\/schema\/logo\/image\/","url":"https:\/\/www.archeoparc.it\/wp-content\/uploads\/cropped-archeoparc_logo_sw.png","contentUrl":"https:\/\/www.archeoparc.it\/wp-content\/uploads\/cropped-archeoparc_logo_sw.png","width":654,"height":211,"caption":"archeoparc Schnalstal"},"image":{"@id":"https:\/\/www.archeoparc.it\/#\/schema\/logo\/image\/"}}]}},"_links":{"self":[{"href":"https:\/\/www.archeoparc.it\/it\/wp-json\/wp\/v2\/pages\/927","targetHints":{"allow":["GET"]}}],"collection":[{"href":"https:\/\/www.archeoparc.it\/it\/wp-json\/wp\/v2\/pages"}],"about":[{"href":"https:\/\/www.archeoparc.it\/it\/wp-json\/wp\/v2\/types\/page"}],"author":[{"embeddable":true,"href":"https:\/\/www.archeoparc.it\/it\/wp-json\/wp\/v2\/users\/6"}],"replies":[{"embeddable":true,"href":"https:\/\/www.archeoparc.it\/it\/wp-json\/wp\/v2\/comments?post=927"}],"version-history":[{"count":2,"href":"https:\/\/www.archeoparc.it\/it\/wp-json\/wp\/v2\/pages\/927\/revisions"}],"predecessor-version":[{"id":23081,"href":"https:\/\/www.archeoparc.it\/it\/wp-json\/wp\/v2\/pages\/927\/revisions\/23081"}],"up":[{"embeddable":true,"href":"https:\/\/www.archeoparc.it\/it\/wp-json\/wp\/v2\/pages\/907"}],"wp:attachment":[{"href":"https:\/\/www.archeoparc.it\/it\/wp-json\/wp\/v2\/media?parent=927"}],"wp:term":[{"taxonomy":"post_tag","embeddable":true,"href":"https:\/\/www.archeoparc.it\/it\/wp-json\/wp\/v2\/tags?post=927"}],"curies":[{"name":"wp","href":"https:\/\/api.w.org\/{rel}","templated":true}]}}