{"id":958,"date":"2012-12-13T21:35:43","date_gmt":"2012-12-13T20:35:43","guid":{"rendered":"http:\/\/archeo.pixelcreatures.at\/?page_id=958"},"modified":"2017-07-09T10:04:57","modified_gmt":"2017-07-09T08:04:57","slug":"riprese","status":"publish","type":"page","link":"https:\/\/www.archeoparc.it\/it\/area-stampa\/riprese\/","title":{"rendered":"Riprese Video e Foto"},"content":{"rendered":"<p>BBC, Discovery Channel, National Geographic, RAI, ORF, ZDF: queste e tante altre emittenti europee e americane, hanno utilizzato la nostra area all\u2019aperto come location per le loro produzioni sull\u2019Uomo venuto dal ghiaccio.<\/p>\n<p>Tra i soggetti preferiti vi sono i tre modelli di capanne neolitiche con i focolari, il forno a cupola in argilla e la fossa per la fusione del rame. Caratteristico come sfondo \u00e8 anche l\u2019ambiente che circonda l\u2019areale museale, con il limitrofo bosco di larici e la vista sulle vette alpine e sul sito di ritrovamento di \u00d6tzi. Oltre a servizi per la promozione turistica della nostra regione, l\u2019archeoParc ha ospitato le seguenti produzioni internazionali di film e documentari:<br \/>\n\u201cThe Iceman\u201d (2002)<br \/>\n\u201cIceman. Hunt for a killer\u201d (2004)<br \/>\n\u201cIceman\u2019s death\u201d (2007)<br \/>\n\u201cMystery of the Iceman\u201d (2011).<\/p>\n<p>Al\u2019interno del Museo \u00e8 consentito effettuare foto e video amatoriali, salvo diversa indicazione, purch\u00e9 senza l\u2019utilizzo del cavalletto e senza ostacolare le attivit\u00e0 ordinarie della struttura.<\/p>\n<h2>Autorizzazione per riprese fotografiche e video<\/h2>\n<p>Il nostro \u201cvillaggio neolitico\u201d pu\u00f2 essere utilizzato come sfondo per film, documentari, interviste ecc. previa autorizzazione della Direzione del Museo.<br \/>\n<a title=\"\" href=\"http:\/\/archeoparc.it\/documents\/richiesta_riprese_archeoparc.pdf\" target=\"_blank\" rel=\"noopener\">&gt;Modulo richiesta autorizzazione [pdf]<\/a><\/p>\n<p>Le riprese possono essere effettuate gratuitamente se<\/p>\n<ul>\n<li>il vostro prodotto fa espressamente riferimento alla Val Senales, all\u2019Alto Adige e all\u2019archeoParc Val Senales,<\/li>\n<li>il vostro prodotto \u00e8 destinato a scopi non commerciali,<\/li>\n<li>l\u2019attivit\u00e0 museale pu\u00f2 svolgersi regolarmente anche durante il vostro lavoro<\/li>\n<li>il vostro lavoro si conclude nei tempi preventivamente concordati.<\/li>\n<\/ul>\n<p>Qualora abbiate bisogno di figuranti, costumi, armi, utensili (equipaggiamento completo di \u00d6tzi), prodotti alimentari e\/o assistenza per le riprese, saremo lieti di mettere a vostra disposizione tutto l\u2019occorrente. Richiedete un preventivo dei costi e definite con noi i tempi per i preparativi.<br \/>\n<a title=\"Contatto\" href=\"https:\/\/www.archeoparc.it\/it\/contatti\/\">&gt;Contatto<\/a><\/p>\n<p>In caso di pubblicazione, saremmo lieti di ricevere una copia del vostro lavoro.<\/p>\n<h2>Informazioni utili<\/h2>\n<p><strong>Riprese nell\u2019area museale : <\/strong>Le condizioni di luce migliori per fotografare o filmare l\u2019area museale sono tra le 8:00 e le 12:00 (in inverno 9:30-11:00). Dentro le capanne neolitiche (a grandezza naturale) \u00e8 sempre piuttosto buio; eventualmente \u00e8 possibile accendere uno dei focolari.<\/p>\n<p>Da novembre a marzo l\u2019area all\u2019aperto \u00e8 solitamente coperta dalla neve. L\u2019edificio museale \u00e8 riscaldato solo durante il normale orario di apertura. Se le riprese richiedono tempi lunghi, quale che sia la stagione vi consigliamo di indossare indumenti caldi e calzature bene isolate.<\/p>\n<p><strong>Riprese nel sito di ritrovamento di \u00d6tzi : <\/strong>Le riprese nel sito d\u2019alta quota (da cui ci separano solo 6 km in linea d\u2019aria, ma ben 1.700 m di dislivello) sono effettuabili soltanto in condizioni meteo adeguate.<\/p>\n<p>Il sito di \u00d6tzi \u00e8 raggiungibile solo a piedi o in elicottero. In ogni caso \u00e8 necessario l\u2019accompagnamento di una guida alpina o l\u2019impiego di un elicottero con permesso di volo da parte dell\u2019Ufficio Parchi Naturali. L\u2019Associazione Turistica Val Senales eroga su richiesta un contributo spese per la guida alpina o per il noleggio dell\u2019elicottero.<\/p>\n<p><strong>Altro : <\/strong>Per le riprese nel nostro areale e\/o nel sito di ritrovamento della mummia \u00e8 disponibile un accompagnatore pratico del luogo.<\/p>\n<p>L\u2019autorizzazione scritta alle riprese fotografiche e video non \u00e8 necessaria se state lavorando per conto di Alto Adige Marketing, Merano Marketing, Associazione Turistica Val Senales, Museo Archeologico dell\u2019Alto Adige o enti equiparabili. In ogni caso vi preghiamo di concordare tempestivamente con noi la data delle riprese.<\/p>\n","protected":false},"excerpt":{"rendered":"<p>BBC, Discovery Channel, National Geographic, RAI, ORF, ZDF: queste e tante altre emittenti europee e americane, hanno utilizzato la nostra area all\u2019aperto come location per le loro produzioni sull\u2019Uomo venuto [&hellip;]<\/p>\n","protected":false},"author":6,"featured_media":0,"parent":946,"menu_order":0,"comment_status":"closed","ping_status":"open","template":"","meta":{"_acf_changed":false,"_tec_requires_first_save":true,"_EventAllDay":false,"_EventTimezone":"","_EventStartDate":"","_EventEndDate":"","_EventStartDateUTC":"","_EventEndDateUTC":"","_EventShowMap":false,"_EventShowMapLink":false,"_EventURL":"","_EventCost":"","_EventCostDescription":"","_EventCurrencySymbol":"","_EventCurrencyCode":"","_EventCurrencyPosition":"","_EventDateTimeSeparator":"","_EventTimeRangeSeparator":"","_EventOrganizerID":[],"_EventVenueID":[],"_OrganizerEmail":"","_OrganizerPhone":"","_OrganizerWebsite":"","_VenueAddress":"","_VenueCity":"","_VenueCountry":"","_VenueProvince":"","_VenueState":"","_VenueZip":"","_VenuePhone":"","_VenueURL":"","_VenueStateProvince":"","_VenueLat":"","_VenueLng":"","_VenueShowMap":false,"_VenueShowMapLink":false,"_tribe_blocks_recurrence_rules":"","_tribe_blocks_recurrence_description":"","_tribe_blocks_recurrence_exclusions":"","footnotes":""},"tags":[],"class_list":["post-958","page","type-page","status-publish","hentry"],"acf":[],"yoast_head":"<!-- This site is optimized with the Yoast SEO plugin v27.5 - https:\/\/yoast.com\/product\/yoast-seo-wordpress\/ -->\n<title>Riprese Video e Foto | archeoParc Schnalstal<\/title>\n<meta name=\"robots\" content=\"index, follow, max-snippet:-1, max-image-preview:large, max-video-preview:-1\" \/>\n<link rel=\"canonical\" href=\"https:\/\/www.archeoparc.it\/it\/area-stampa\/riprese\/\" \/>\n<meta name=\"twitter:label1\" content=\"Tempo di lettura stimato\" \/>\n\t<meta name=\"twitter:data1\" content=\"3 minuti\" \/>\n<script type=\"application\/ld+json\" class=\"yoast-schema-graph\">{\"@context\":\"https:\\\/\\\/schema.org\",\"@graph\":[{\"@type\":\"WebPage\",\"@id\":\"https:\\\/\\\/www.archeoparc.it\\\/it\\\/area-stampa\\\/riprese\\\/\",\"url\":\"https:\\\/\\\/www.archeoparc.it\\\/it\\\/area-stampa\\\/riprese\\\/\",\"name\":\"Riprese Video e Foto | archeoParc Schnalstal\",\"isPartOf\":{\"@id\":\"https:\\\/\\\/www.archeoparc.it\\\/#website\"},\"datePublished\":\"2012-12-13T20:35:43+00:00\",\"dateModified\":\"2017-07-09T08:04:57+00:00\",\"breadcrumb\":{\"@id\":\"https:\\\/\\\/www.archeoparc.it\\\/it\\\/area-stampa\\\/riprese\\\/#breadcrumb\"},\"inLanguage\":\"it-IT\",\"potentialAction\":[{\"@type\":\"ReadAction\",\"target\":[\"https:\\\/\\\/www.archeoparc.it\\\/it\\\/area-stampa\\\/riprese\\\/\"]}]},{\"@type\":\"BreadcrumbList\",\"@id\":\"https:\\\/\\\/www.archeoparc.it\\\/it\\\/area-stampa\\\/riprese\\\/#breadcrumb\",\"itemListElement\":[{\"@type\":\"ListItem\",\"position\":1,\"name\":\"Area stampa\",\"item\":\"https:\\\/\\\/www.archeoparc.it\\\/it\\\/area-stampa\\\/\"},{\"@type\":\"ListItem\",\"position\":2,\"name\":\"Riprese Video e Foto\"}]},{\"@type\":\"WebSite\",\"@id\":\"https:\\\/\\\/www.archeoparc.it\\\/#website\",\"url\":\"https:\\\/\\\/www.archeoparc.it\\\/\",\"name\":\"archeoParc Schnalstal\",\"description\":\"Arch\u00e4ologisches Freilichtmuseum\",\"publisher\":{\"@id\":\"https:\\\/\\\/www.archeoparc.it\\\/#organization\"},\"potentialAction\":[{\"@type\":\"SearchAction\",\"target\":{\"@type\":\"EntryPoint\",\"urlTemplate\":\"https:\\\/\\\/www.archeoparc.it\\\/?s={search_term_string}\"},\"query-input\":{\"@type\":\"PropertyValueSpecification\",\"valueRequired\":true,\"valueName\":\"search_term_string\"}}],\"inLanguage\":\"it-IT\"},{\"@type\":\"Organization\",\"@id\":\"https:\\\/\\\/www.archeoparc.it\\\/#organization\",\"name\":\"archeoparc Schnalstal\",\"url\":\"https:\\\/\\\/www.archeoparc.it\\\/\",\"logo\":{\"@type\":\"ImageObject\",\"inLanguage\":\"it-IT\",\"@id\":\"https:\\\/\\\/www.archeoparc.it\\\/#\\\/schema\\\/logo\\\/image\\\/\",\"url\":\"https:\\\/\\\/www.archeoparc.it\\\/wp-content\\\/uploads\\\/cropped-archeoparc_logo_sw.png\",\"contentUrl\":\"https:\\\/\\\/www.archeoparc.it\\\/wp-content\\\/uploads\\\/cropped-archeoparc_logo_sw.png\",\"width\":654,\"height\":211,\"caption\":\"archeoparc Schnalstal\"},\"image\":{\"@id\":\"https:\\\/\\\/www.archeoparc.it\\\/#\\\/schema\\\/logo\\\/image\\\/\"}}]}<\/script>\n<!-- \/ Yoast SEO plugin. -->","yoast_head_json":{"title":"Riprese Video e Foto | archeoParc Schnalstal","robots":{"index":"index","follow":"follow","max-snippet":"max-snippet:-1","max-image-preview":"max-image-preview:large","max-video-preview":"max-video-preview:-1"},"canonical":"https:\/\/www.archeoparc.it\/it\/area-stampa\/riprese\/","twitter_misc":{"Tempo di lettura stimato":"3 minuti"},"schema":{"@context":"https:\/\/schema.org","@graph":[{"@type":"WebPage","@id":"https:\/\/www.archeoparc.it\/it\/area-stampa\/riprese\/","url":"https:\/\/www.archeoparc.it\/it\/area-stampa\/riprese\/","name":"Riprese Video e Foto | archeoParc Schnalstal","isPartOf":{"@id":"https:\/\/www.archeoparc.it\/#website"},"datePublished":"2012-12-13T20:35:43+00:00","dateModified":"2017-07-09T08:04:57+00:00","breadcrumb":{"@id":"https:\/\/www.archeoparc.it\/it\/area-stampa\/riprese\/#breadcrumb"},"inLanguage":"it-IT","potentialAction":[{"@type":"ReadAction","target":["https:\/\/www.archeoparc.it\/it\/area-stampa\/riprese\/"]}]},{"@type":"BreadcrumbList","@id":"https:\/\/www.archeoparc.it\/it\/area-stampa\/riprese\/#breadcrumb","itemListElement":[{"@type":"ListItem","position":1,"name":"Area stampa","item":"https:\/\/www.archeoparc.it\/it\/area-stampa\/"},{"@type":"ListItem","position":2,"name":"Riprese Video e Foto"}]},{"@type":"WebSite","@id":"https:\/\/www.archeoparc.it\/#website","url":"https:\/\/www.archeoparc.it\/","name":"archeoParc Schnalstal","description":"Arch\u00e4ologisches Freilichtmuseum","publisher":{"@id":"https:\/\/www.archeoparc.it\/#organization"},"potentialAction":[{"@type":"SearchAction","target":{"@type":"EntryPoint","urlTemplate":"https:\/\/www.archeoparc.it\/?s={search_term_string}"},"query-input":{"@type":"PropertyValueSpecification","valueRequired":true,"valueName":"search_term_string"}}],"inLanguage":"it-IT"},{"@type":"Organization","@id":"https:\/\/www.archeoparc.it\/#organization","name":"archeoparc Schnalstal","url":"https:\/\/www.archeoparc.it\/","logo":{"@type":"ImageObject","inLanguage":"it-IT","@id":"https:\/\/www.archeoparc.it\/#\/schema\/logo\/image\/","url":"https:\/\/www.archeoparc.it\/wp-content\/uploads\/cropped-archeoparc_logo_sw.png","contentUrl":"https:\/\/www.archeoparc.it\/wp-content\/uploads\/cropped-archeoparc_logo_sw.png","width":654,"height":211,"caption":"archeoparc Schnalstal"},"image":{"@id":"https:\/\/www.archeoparc.it\/#\/schema\/logo\/image\/"}}]}},"_links":{"self":[{"href":"https:\/\/www.archeoparc.it\/it\/wp-json\/wp\/v2\/pages\/958","targetHints":{"allow":["GET"]}}],"collection":[{"href":"https:\/\/www.archeoparc.it\/it\/wp-json\/wp\/v2\/pages"}],"about":[{"href":"https:\/\/www.archeoparc.it\/it\/wp-json\/wp\/v2\/types\/page"}],"author":[{"embeddable":true,"href":"https:\/\/www.archeoparc.it\/it\/wp-json\/wp\/v2\/users\/6"}],"replies":[{"embeddable":true,"href":"https:\/\/www.archeoparc.it\/it\/wp-json\/wp\/v2\/comments?post=958"}],"version-history":[{"count":0,"href":"https:\/\/www.archeoparc.it\/it\/wp-json\/wp\/v2\/pages\/958\/revisions"}],"up":[{"embeddable":true,"href":"https:\/\/www.archeoparc.it\/it\/wp-json\/wp\/v2\/pages\/946"}],"wp:attachment":[{"href":"https:\/\/www.archeoparc.it\/it\/wp-json\/wp\/v2\/media?parent=958"}],"wp:term":[{"taxonomy":"post_tag","embeddable":true,"href":"https:\/\/www.archeoparc.it\/it\/wp-json\/wp\/v2\/tags?post=958"}],"curies":[{"name":"wp","href":"https:\/\/api.w.org\/{rel}","templated":true}]}}